


{"id":48615,"date":"2023-05-18T16:22:31","date_gmt":"2023-05-18T13:22:31","guid":{"rendered":"https:\/\/www.monologuestories.com\/urun\/mini-old-but-new-white-papaya-rim\/"},"modified":"2025-09-26T11:43:08","modified_gmt":"2025-09-26T08:43:08","slug":"mini-old-but-new-white-papaya-rim","status":"publish","type":"product","link":"https:\/\/www.monologuestories.com\/en\/product\/mini-old-but-new-white-papaya-rim\/","title":{"rendered":"*mini* old but new &#8211; white\/papaya &#8211; rim"},"content":{"rendered":"","protected":false},"excerpt":{"rendered":"<p>100 ml<\/p>\n<p>\u00dcr\u00fcnler frans\u0131z limoges porselenden \u00fcretilmektedir.<\/p>\n<p>Makinada y\u0131kanabilir.<\/p>\n<p>G\u00f6rseldeki \u00fcr\u00fcn referans ama\u00e7l\u0131d\u0131r.<\/p>\n<p>Mevcut \u00fcr\u00fcn ile farkl\u0131l\u0131klar bulundurabilir.<\/p>\n","protected":false},"featured_media":48209,"comment_status":"open","ping_status":"closed","template":"","meta":[],"product_cat":[107,108,95],"product_tag":[],"class_list":{"0":"post-48615","1":"product","2":"type-product","3":"status-publish","4":"has-post-thumbnail","6":"product_cat-mini-old-but-new-en","7":"product_cat-flirty-en","8":"product_cat-glass","10":"first","11":"outofstock","12":"taxable","13":"shipping-taxable","14":"purchasable","15":"product-type-simple"},"_links":{"self":[{"href":"https:\/\/www.monologuestories.com\/en\/wp-json\/wp\/v2\/product\/48615"}],"collection":[{"href":"https:\/\/www.monologuestories.com\/en\/wp-json\/wp\/v2\/product"}],"about":[{"href":"https:\/\/www.monologuestories.com\/en\/wp-json\/wp\/v2\/types\/product"}],"replies":[{"embeddable":true,"href":"https:\/\/www.monologuestories.com\/en\/wp-json\/wp\/v2\/comments?post=48615"}],"wp:featuredmedia":[{"embeddable":true,"href":"https:\/\/www.monologuestories.com\/en\/wp-json\/wp\/v2\/media\/48209"}],"wp:attachment":[{"href":"https:\/\/www.monologuestories.com\/en\/wp-json\/wp\/v2\/media?parent=48615"}],"wp:term":[{"taxonomy":"product_cat","embeddable":true,"href":"https:\/\/www.monologuestories.com\/en\/wp-json\/wp\/v2\/product_cat?post=48615"},{"taxonomy":"product_tag","embeddable":true,"href":"https:\/\/www.monologuestories.com\/en\/wp-json\/wp\/v2\/product_tag?post=48615"}],"curies":[{"name":"wp","href":"https:\/\/api.w.org\/{rel}","templated":true}]}}