


{"id":49087,"date":"2022-08-04T17:56:45","date_gmt":"2022-08-04T14:56:45","guid":{"rendered":"https:\/\/www.monologuestories.com\/urun\/gong-menthol-cream\/"},"modified":"2025-05-21T11:50:10","modified_gmt":"2025-05-21T08:50:10","slug":"gong-menthol-cream","status":"publish","type":"product","link":"https:\/\/www.monologuestories.com\/en\/product\/gong-menthol-cream\/","title":{"rendered":"gong &#8211; menthol\/cream &#8211; dot"},"content":{"rendered":"","protected":false},"excerpt":{"rendered":"<p>170 ml<\/p>\n<p>\u00dcr\u00fcnler frans\u0131z limoges porselenden \u00fcretilmektedir.<\/p>\n<p>Makinada y\u0131kanabilir.<\/p>\n<p>G\u00f6rseldeki \u00fcr\u00fcn referans ama\u00e7l\u0131d\u0131r.<\/p>\n<p>Mevcut \u00fcr\u00fcn ile farkl\u0131l\u0131klar bulundurabilir.<\/p>\n","protected":false},"featured_media":47250,"comment_status":"open","ping_status":"closed","template":"","meta":[],"product_cat":[95,121,98,165],"product_tag":[],"class_list":{"0":"post-49087","1":"product","2":"type-product","3":"status-publish","4":"has-post-thumbnail","6":"product_cat-glass","7":"product_cat-gong-en","8":"product_cat-pjs-en","9":"product_cat-indirimli-urunler-en","11":"first","12":"outofstock","13":"sale","14":"taxable","15":"shipping-taxable","16":"purchasable","17":"product-type-simple"},"_links":{"self":[{"href":"https:\/\/www.monologuestories.com\/en\/wp-json\/wp\/v2\/product\/49087"}],"collection":[{"href":"https:\/\/www.monologuestories.com\/en\/wp-json\/wp\/v2\/product"}],"about":[{"href":"https:\/\/www.monologuestories.com\/en\/wp-json\/wp\/v2\/types\/product"}],"replies":[{"embeddable":true,"href":"https:\/\/www.monologuestories.com\/en\/wp-json\/wp\/v2\/comments?post=49087"}],"wp:featuredmedia":[{"embeddable":true,"href":"https:\/\/www.monologuestories.com\/en\/wp-json\/wp\/v2\/media\/47250"}],"wp:attachment":[{"href":"https:\/\/www.monologuestories.com\/en\/wp-json\/wp\/v2\/media?parent=49087"}],"wp:term":[{"taxonomy":"product_cat","embeddable":true,"href":"https:\/\/www.monologuestories.com\/en\/wp-json\/wp\/v2\/product_cat?post=49087"},{"taxonomy":"product_tag","embeddable":true,"href":"https:\/\/www.monologuestories.com\/en\/wp-json\/wp\/v2\/product_tag?post=49087"}],"curies":[{"name":"wp","href":"https:\/\/api.w.org\/{rel}","templated":true}]}}