


{"id":49088,"date":"2022-08-04T17:52:18","date_gmt":"2022-08-04T14:52:18","guid":{"rendered":"https:\/\/www.monologuestories.com\/urun\/gong-grapefruit-coral\/"},"modified":"2026-04-23T12:26:29","modified_gmt":"2026-04-23T09:26:29","slug":"gong-grapefruit-coral","status":"publish","type":"product","link":"https:\/\/www.monologuestories.com\/en\/product\/gong-grapefruit-coral\/","title":{"rendered":"gong &#8211; grapefruit\/coral &#8211; dot"},"content":{"rendered":"","protected":false},"excerpt":{"rendered":"<p>170 ml<\/p>\n<p>\u00dcr\u00fcnler frans\u0131z limoges porselenden \u00fcretilmektedir.<\/p>\n<p>Makinada y\u0131kanabilir.<\/p>\n<p>G\u00f6rseldeki \u00fcr\u00fcn referans ama\u00e7l\u0131d\u0131r.<\/p>\n<p>Mevcut \u00fcr\u00fcn ile farkl\u0131l\u0131klar bulundurabilir.<\/p>\n","protected":false},"featured_media":47249,"comment_status":"open","ping_status":"closed","template":"","meta":[],"product_cat":[95,121,98,165],"product_tag":[],"class_list":{"0":"post-49088","1":"product","2":"type-product","3":"status-publish","4":"has-post-thumbnail","6":"product_cat-glass","7":"product_cat-gong-en","8":"product_cat-pjs-en","9":"product_cat-indirimli-urunler-en","11":"first","12":"instock","13":"taxable","14":"shipping-taxable","15":"purchasable","16":"product-type-simple"},"_links":{"self":[{"href":"https:\/\/www.monologuestories.com\/en\/wp-json\/wp\/v2\/product\/49088"}],"collection":[{"href":"https:\/\/www.monologuestories.com\/en\/wp-json\/wp\/v2\/product"}],"about":[{"href":"https:\/\/www.monologuestories.com\/en\/wp-json\/wp\/v2\/types\/product"}],"replies":[{"embeddable":true,"href":"https:\/\/www.monologuestories.com\/en\/wp-json\/wp\/v2\/comments?post=49088"}],"wp:featuredmedia":[{"embeddable":true,"href":"https:\/\/www.monologuestories.com\/en\/wp-json\/wp\/v2\/media\/47249"}],"wp:attachment":[{"href":"https:\/\/www.monologuestories.com\/en\/wp-json\/wp\/v2\/media?parent=49088"}],"wp:term":[{"taxonomy":"product_cat","embeddable":true,"href":"https:\/\/www.monologuestories.com\/en\/wp-json\/wp\/v2\/product_cat?post=49088"},{"taxonomy":"product_tag","embeddable":true,"href":"https:\/\/www.monologuestories.com\/en\/wp-json\/wp\/v2\/product_tag?post=49088"}],"curies":[{"name":"wp","href":"https:\/\/api.w.org\/{rel}","templated":true}]}}