


{"id":49493,"date":"2022-03-17T12:28:59","date_gmt":"2022-03-17T09:28:59","guid":{"rendered":"https:\/\/www.monologuestories.com\/urun\/21-cm-plate-forest-koi-scarlet\/"},"modified":"2024-07-18T15:05:55","modified_gmt":"2024-07-18T12:05:55","slug":"21-cm-plate-forest-koi-scarlet","status":"publish","type":"product","link":"https:\/\/www.monologuestories.com\/en\/product\/21-cm-plate-forest-koi-scarlet\/","title":{"rendered":"21 cm plate &#8211; koi\/forest\/scarlet"},"content":{"rendered":"","protected":false},"excerpt":{"rendered":"<p>21 cm<\/p>\n<p>\u00dcr\u00fcnler frans\u0131z limoges porselenden \u00fcretilmektedir.<\/p>\n<p>Makinada y\u0131kanabilir.<\/p>\n<p>G\u00f6rseldeki \u00fcr\u00fcn referans ama\u00e7l\u0131d\u0131r.<\/p>\n<p>Mevcut \u00fcr\u00fcn ile farkl\u0131l\u0131klar bulundurabilir.<\/p>\n","protected":false},"featured_media":46715,"comment_status":"open","ping_status":"closed","template":"","meta":[],"product_cat":[120,103,117],"product_tag":[],"class_list":{"0":"post-49493","1":"product","2":"type-product","3":"status-publish","4":"has-post-thumbnail","6":"product_cat-21cm-plate-en","7":"product_cat-galaxy-en","8":"product_cat-plate","10":"first","11":"outofstock","12":"taxable","13":"shipping-taxable","14":"purchasable","15":"product-type-simple"},"_links":{"self":[{"href":"https:\/\/www.monologuestories.com\/en\/wp-json\/wp\/v2\/product\/49493"}],"collection":[{"href":"https:\/\/www.monologuestories.com\/en\/wp-json\/wp\/v2\/product"}],"about":[{"href":"https:\/\/www.monologuestories.com\/en\/wp-json\/wp\/v2\/types\/product"}],"replies":[{"embeddable":true,"href":"https:\/\/www.monologuestories.com\/en\/wp-json\/wp\/v2\/comments?post=49493"}],"wp:featuredmedia":[{"embeddable":true,"href":"https:\/\/www.monologuestories.com\/en\/wp-json\/wp\/v2\/media\/46715"}],"wp:attachment":[{"href":"https:\/\/www.monologuestories.com\/en\/wp-json\/wp\/v2\/media?parent=49493"}],"wp:term":[{"taxonomy":"product_cat","embeddable":true,"href":"https:\/\/www.monologuestories.com\/en\/wp-json\/wp\/v2\/product_cat?post=49493"},{"taxonomy":"product_tag","embeddable":true,"href":"https:\/\/www.monologuestories.com\/en\/wp-json\/wp\/v2\/product_tag?post=49493"}],"curies":[{"name":"wp","href":"https:\/\/api.w.org\/{rel}","templated":true}]}}