


{"id":49655,"date":"2022-03-03T10:22:33","date_gmt":"2022-03-03T07:22:33","guid":{"rendered":"https:\/\/www.monologuestories.com\/urun\/classic-l-grapefruit-mint-gold\/"},"modified":"2025-01-30T11:47:15","modified_gmt":"2025-01-30T08:47:15","slug":"classic-l-grapefruit-mint-gold","status":"publish","type":"product","link":"https:\/\/www.monologuestories.com\/en\/product\/classic-l-grapefruit-mint-gold\/","title":{"rendered":"classic L &#8211; grapefruit\/mint\/gold &#8211; horizontal"},"content":{"rendered":"","protected":false},"excerpt":{"rendered":"<p>350 ml<\/p>\n<p>\u00dcr\u00fcnler frans\u0131z limoges porselenden \u00fcretilmektedir.<\/p>\n<p>Elde y\u0131kamaya uygundur.<\/p>\n<p>G\u00f6rseldeki \u00fcr\u00fcn referans ama\u00e7l\u0131d\u0131r.<\/p>\n<p>Mevcut \u00fcr\u00fcn ile farkl\u0131l\u0131klar bulundurabilir.<\/p>\n","protected":false},"featured_media":46541,"comment_status":"open","ping_status":"closed","template":"","meta":[],"product_cat":[110,95,98],"product_tag":[],"class_list":{"0":"post-49655","1":"product","2":"type-product","3":"status-publish","4":"has-post-thumbnail","6":"product_cat-classic-l-en","7":"product_cat-glass","8":"product_cat-pjs-en","10":"first","11":"outofstock","12":"taxable","13":"shipping-taxable","14":"purchasable","15":"product-type-simple"},"_links":{"self":[{"href":"https:\/\/www.monologuestories.com\/en\/wp-json\/wp\/v2\/product\/49655"}],"collection":[{"href":"https:\/\/www.monologuestories.com\/en\/wp-json\/wp\/v2\/product"}],"about":[{"href":"https:\/\/www.monologuestories.com\/en\/wp-json\/wp\/v2\/types\/product"}],"replies":[{"embeddable":true,"href":"https:\/\/www.monologuestories.com\/en\/wp-json\/wp\/v2\/comments?post=49655"}],"wp:featuredmedia":[{"embeddable":true,"href":"https:\/\/www.monologuestories.com\/en\/wp-json\/wp\/v2\/media\/46541"}],"wp:attachment":[{"href":"https:\/\/www.monologuestories.com\/en\/wp-json\/wp\/v2\/media?parent=49655"}],"wp:term":[{"taxonomy":"product_cat","embeddable":true,"href":"https:\/\/www.monologuestories.com\/en\/wp-json\/wp\/v2\/product_cat?post=49655"},{"taxonomy":"product_tag","embeddable":true,"href":"https:\/\/www.monologuestories.com\/en\/wp-json\/wp\/v2\/product_tag?post=49655"}],"curies":[{"name":"wp","href":"https:\/\/api.w.org\/{rel}","templated":true}]}}