


{"id":50445,"date":"2021-12-02T13:04:44","date_gmt":"2021-12-02T10:04:44","guid":{"rendered":"https:\/\/www.monologuestories.com\/urun\/midi-old-but-new-bediha-amber\/"},"modified":"2025-09-26T11:28:31","modified_gmt":"2025-09-26T08:28:31","slug":"midi-old-but-new-bediha-amber","status":"publish","type":"product","link":"https:\/\/www.monologuestories.com\/en\/product\/midi-old-but-new-bediha-amber\/","title":{"rendered":"*midi* old but new &#8211; bediha\/white\/amber"},"content":{"rendered":"","protected":false},"excerpt":{"rendered":"<p>200 ml<\/p>\n<p>\u00dcr\u00fcnler frans\u0131z limoges porselenden \u00fcretilmektedir.<\/p>\n<p>Makinada y\u0131kanabilir.<\/p>\n<p>G\u00f6rseldeki \u00fcr\u00fcn referans ama\u00e7l\u0131d\u0131r.<\/p>\n<p>Mevcut \u00fcr\u00fcn ile farkl\u0131l\u0131klar bulundurabilir.<\/p>\n","protected":false},"featured_media":45669,"comment_status":"open","ping_status":"closed","template":"","meta":[],"product_cat":[114,95,102],"product_tag":[],"class_list":{"0":"post-50445","1":"product","2":"type-product","3":"status-publish","4":"has-post-thumbnail","6":"product_cat-midi-old-but-new-en","7":"product_cat-glass","8":"product_cat-goldies-en","10":"first","11":"outofstock","12":"taxable","13":"shipping-taxable","14":"purchasable","15":"product-type-simple"},"_links":{"self":[{"href":"https:\/\/www.monologuestories.com\/en\/wp-json\/wp\/v2\/product\/50445"}],"collection":[{"href":"https:\/\/www.monologuestories.com\/en\/wp-json\/wp\/v2\/product"}],"about":[{"href":"https:\/\/www.monologuestories.com\/en\/wp-json\/wp\/v2\/types\/product"}],"replies":[{"embeddable":true,"href":"https:\/\/www.monologuestories.com\/en\/wp-json\/wp\/v2\/comments?post=50445"}],"wp:featuredmedia":[{"embeddable":true,"href":"https:\/\/www.monologuestories.com\/en\/wp-json\/wp\/v2\/media\/45669"}],"wp:attachment":[{"href":"https:\/\/www.monologuestories.com\/en\/wp-json\/wp\/v2\/media?parent=50445"}],"wp:term":[{"taxonomy":"product_cat","embeddable":true,"href":"https:\/\/www.monologuestories.com\/en\/wp-json\/wp\/v2\/product_cat?post=50445"},{"taxonomy":"product_tag","embeddable":true,"href":"https:\/\/www.monologuestories.com\/en\/wp-json\/wp\/v2\/product_tag?post=50445"}],"curies":[{"name":"wp","href":"https:\/\/api.w.org\/{rel}","templated":true}]}}