


{"id":51516,"date":"2021-08-26T12:51:13","date_gmt":"2021-08-26T09:51:13","guid":{"rendered":"https:\/\/www.monologuestories.com\/urun\/classic-m-beige-black-3\/"},"modified":"2025-09-26T15:54:13","modified_gmt":"2025-09-26T12:54:13","slug":"classic-m-beige-black-3","status":"publish","type":"product","link":"https:\/\/www.monologuestories.com\/en\/product\/classic-m-beige-black-3\/","title":{"rendered":"classic M &#8211; beige\/black"},"content":{"rendered":"","protected":false},"excerpt":{"rendered":"<p>250 ml<\/p>\n<p>\u00dcr\u00fcnler frans\u0131z limoges porselenden \u00fcretilmektedir.<\/p>\n<p>Makinada y\u0131kanabilir.<\/p>\n<p>G\u00f6rseldeki \u00fcr\u00fcn referans ama\u00e7l\u0131d\u0131r.<\/p>\n<p>Mevcut \u00fcr\u00fcn ile farkl\u0131l\u0131klar bulundurabilir.<\/p>\n","protected":false},"featured_media":44393,"comment_status":"open","ping_status":"closed","template":"","meta":[],"product_cat":[96,95,134],"product_tag":[],"class_list":{"0":"post-51516","1":"product","2":"type-product","3":"status-publish","4":"has-post-thumbnail","6":"product_cat-classic-m-en","7":"product_cat-glass","8":"product_cat-inside-en","10":"first","11":"outofstock","12":"taxable","13":"shipping-taxable","14":"purchasable","15":"product-type-simple"},"_links":{"self":[{"href":"https:\/\/www.monologuestories.com\/en\/wp-json\/wp\/v2\/product\/51516"}],"collection":[{"href":"https:\/\/www.monologuestories.com\/en\/wp-json\/wp\/v2\/product"}],"about":[{"href":"https:\/\/www.monologuestories.com\/en\/wp-json\/wp\/v2\/types\/product"}],"replies":[{"embeddable":true,"href":"https:\/\/www.monologuestories.com\/en\/wp-json\/wp\/v2\/comments?post=51516"}],"wp:featuredmedia":[{"embeddable":true,"href":"https:\/\/www.monologuestories.com\/en\/wp-json\/wp\/v2\/media\/44393"}],"wp:attachment":[{"href":"https:\/\/www.monologuestories.com\/en\/wp-json\/wp\/v2\/media?parent=51516"}],"wp:term":[{"taxonomy":"product_cat","embeddable":true,"href":"https:\/\/www.monologuestories.com\/en\/wp-json\/wp\/v2\/product_cat?post=51516"},{"taxonomy":"product_tag","embeddable":true,"href":"https:\/\/www.monologuestories.com\/en\/wp-json\/wp\/v2\/product_tag?post=51516"}],"curies":[{"name":"wp","href":"https:\/\/api.w.org\/{rel}","templated":true}]}}