


{"id":51519,"date":"2021-08-26T12:02:04","date_gmt":"2021-08-26T09:02:04","guid":{"rendered":"https:\/\/www.monologuestories.com\/urun\/classic-l-white-black-5\/"},"modified":"2025-09-26T14:28:15","modified_gmt":"2025-09-26T11:28:15","slug":"classic-l-white-black-5","status":"publish","type":"product","link":"https:\/\/www.monologuestories.com\/en\/product\/classic-l-white-black-5\/","title":{"rendered":"classic L -white\/black"},"content":{"rendered":"","protected":false},"excerpt":{"rendered":"<p>350 ml<\/p>\n<p>\u00dcr\u00fcnler frans\u0131z limoges porselenden \u00fcretilmektedir.<\/p>\n<p>Makinada y\u0131kanabilir.<\/p>\n<p>G\u00f6rseldeki \u00fcr\u00fcn referans ama\u00e7l\u0131d\u0131r.<\/p>\n<p>Mevcut \u00fcr\u00fcn ile farkl\u0131l\u0131klar bulundurabilir.<\/p>\n","protected":false},"featured_media":44861,"comment_status":"open","ping_status":"closed","template":"","meta":[],"product_cat":[110,112,95,98],"product_tag":[],"class_list":{"0":"post-51519","1":"product","2":"type-product","3":"status-publish","4":"has-post-thumbnail","6":"product_cat-classic-l-en","7":"product_cat-collections","8":"product_cat-glass","9":"product_cat-pjs-en","11":"first","12":"outofstock","13":"taxable","14":"shipping-taxable","15":"purchasable","16":"product-type-simple"},"_links":{"self":[{"href":"https:\/\/www.monologuestories.com\/en\/wp-json\/wp\/v2\/product\/51519"}],"collection":[{"href":"https:\/\/www.monologuestories.com\/en\/wp-json\/wp\/v2\/product"}],"about":[{"href":"https:\/\/www.monologuestories.com\/en\/wp-json\/wp\/v2\/types\/product"}],"replies":[{"embeddable":true,"href":"https:\/\/www.monologuestories.com\/en\/wp-json\/wp\/v2\/comments?post=51519"}],"wp:featuredmedia":[{"embeddable":true,"href":"https:\/\/www.monologuestories.com\/en\/wp-json\/wp\/v2\/media\/44861"}],"wp:attachment":[{"href":"https:\/\/www.monologuestories.com\/en\/wp-json\/wp\/v2\/media?parent=51519"}],"wp:term":[{"taxonomy":"product_cat","embeddable":true,"href":"https:\/\/www.monologuestories.com\/en\/wp-json\/wp\/v2\/product_cat?post=51519"},{"taxonomy":"product_tag","embeddable":true,"href":"https:\/\/www.monologuestories.com\/en\/wp-json\/wp\/v2\/product_tag?post=51519"}],"curies":[{"name":"wp","href":"https:\/\/api.w.org\/{rel}","templated":true}]}}