


{"id":51520,"date":"2021-08-26T12:01:25","date_gmt":"2021-08-26T09:01:25","guid":{"rendered":"https:\/\/www.monologuestories.com\/urun\/classic-l-somon-cloud-pink-yellow\/"},"modified":"2025-09-26T12:21:45","modified_gmt":"2025-09-26T09:21:45","slug":"classic-l-somon-cloud-pink-yellow","status":"publish","type":"product","link":"https:\/\/www.monologuestories.com\/en\/product\/classic-l-somon-cloud-pink-yellow\/","title":{"rendered":"classic L -somon\/cloud\/pink\/yellow"},"content":{"rendered":"","protected":false},"excerpt":{"rendered":"<p>350 ml<\/p>\n<p>\u00dcr\u00fcnler frans\u0131z limoges porselenden \u00fcretilmektedir.<\/p>\n<p>Makinada y\u0131kanabilir.<\/p>\n<p>G\u00f6rseldeki \u00fcr\u00fcn referans ama\u00e7l\u0131d\u0131r.<\/p>\n<p>Mevcut \u00fcr\u00fcn ile farkl\u0131l\u0131klar bulundurabilir.<\/p>\n","protected":false},"featured_media":44412,"comment_status":"open","ping_status":"closed","template":"","meta":[],"product_cat":[110,112,95,98],"product_tag":[],"class_list":{"0":"post-51520","1":"product","2":"type-product","3":"status-publish","4":"has-post-thumbnail","6":"product_cat-classic-l-en","7":"product_cat-collections","8":"product_cat-glass","9":"product_cat-pjs-en","11":"first","12":"outofstock","13":"taxable","14":"shipping-taxable","15":"purchasable","16":"product-type-simple"},"_links":{"self":[{"href":"https:\/\/www.monologuestories.com\/en\/wp-json\/wp\/v2\/product\/51520"}],"collection":[{"href":"https:\/\/www.monologuestories.com\/en\/wp-json\/wp\/v2\/product"}],"about":[{"href":"https:\/\/www.monologuestories.com\/en\/wp-json\/wp\/v2\/types\/product"}],"replies":[{"embeddable":true,"href":"https:\/\/www.monologuestories.com\/en\/wp-json\/wp\/v2\/comments?post=51520"}],"wp:featuredmedia":[{"embeddable":true,"href":"https:\/\/www.monologuestories.com\/en\/wp-json\/wp\/v2\/media\/44412"}],"wp:attachment":[{"href":"https:\/\/www.monologuestories.com\/en\/wp-json\/wp\/v2\/media?parent=51520"}],"wp:term":[{"taxonomy":"product_cat","embeddable":true,"href":"https:\/\/www.monologuestories.com\/en\/wp-json\/wp\/v2\/product_cat?post=51520"},{"taxonomy":"product_tag","embeddable":true,"href":"https:\/\/www.monologuestories.com\/en\/wp-json\/wp\/v2\/product_tag?post=51520"}],"curies":[{"name":"wp","href":"https:\/\/api.w.org\/{rel}","templated":true}]}}