


{"id":51605,"date":"2021-08-18T11:18:57","date_gmt":"2021-08-18T08:18:57","guid":{"rendered":"https:\/\/www.monologuestories.com\/urun\/gong-melon-cloud\/"},"modified":"2024-04-18T18:31:50","modified_gmt":"2024-04-18T15:31:50","slug":"gong-melon-cloud","status":"publish","type":"product","link":"https:\/\/www.monologuestories.com\/en\/product\/gong-melon-cloud\/","title":{"rendered":"gong &#8211; melon\/cloud &#8211; dot"},"content":{"rendered":"","protected":false},"excerpt":{"rendered":"<p>170 ml<\/p>\n<p>\u00dcr\u00fcnler frans\u0131z limoges porselenden \u00fcretilmektedir.<\/p>\n<p>Makinada y\u0131kanabilir.<\/p>\n<p>G\u00f6rseldeki \u00fcr\u00fcn referans ama\u00e7l\u0131d\u0131r.<\/p>\n<p>Mevcut \u00fcr\u00fcn ile farkl\u0131l\u0131klar bulundurabilir.<\/p>\n","protected":false},"featured_media":58086,"comment_status":"open","ping_status":"closed","template":"","meta":[],"product_cat":[95,121,98,165],"product_tag":[],"class_list":{"0":"post-51605","1":"product","2":"type-product","3":"status-publish","4":"has-post-thumbnail","6":"product_cat-glass","7":"product_cat-gong-en","8":"product_cat-pjs-en","9":"product_cat-indirimli-urunler-en","11":"first","12":"outofstock","13":"sale","14":"taxable","15":"shipping-taxable","16":"purchasable","17":"product-type-simple"},"_links":{"self":[{"href":"https:\/\/www.monologuestories.com\/en\/wp-json\/wp\/v2\/product\/51605"}],"collection":[{"href":"https:\/\/www.monologuestories.com\/en\/wp-json\/wp\/v2\/product"}],"about":[{"href":"https:\/\/www.monologuestories.com\/en\/wp-json\/wp\/v2\/types\/product"}],"replies":[{"embeddable":true,"href":"https:\/\/www.monologuestories.com\/en\/wp-json\/wp\/v2\/comments?post=51605"}],"wp:featuredmedia":[{"embeddable":true,"href":"https:\/\/www.monologuestories.com\/en\/wp-json\/wp\/v2\/media\/58086"}],"wp:attachment":[{"href":"https:\/\/www.monologuestories.com\/en\/wp-json\/wp\/v2\/media?parent=51605"}],"wp:term":[{"taxonomy":"product_cat","embeddable":true,"href":"https:\/\/www.monologuestories.com\/en\/wp-json\/wp\/v2\/product_cat?post=51605"},{"taxonomy":"product_tag","embeddable":true,"href":"https:\/\/www.monologuestories.com\/en\/wp-json\/wp\/v2\/product_tag?post=51605"}],"curies":[{"name":"wp","href":"https:\/\/api.w.org\/{rel}","templated":true}]}}