


{"id":51665,"date":"2021-08-12T12:01:53","date_gmt":"2021-08-12T09:01:53","guid":{"rendered":"https:\/\/www.monologuestories.com\/urun\/12-cm-mini-plate-grandma-white-carmen\/"},"modified":"2025-09-25T10:12:05","modified_gmt":"2025-09-25T07:12:05","slug":"12-cm-mini-plate-grandma-white-carmen","status":"publish","type":"product","link":"https:\/\/www.monologuestories.com\/en\/product\/12-cm-mini-plate-grandma-white-carmen\/","title":{"rendered":"12 cm *mini* plate &#8211; grandma\/white\/carmen"},"content":{"rendered":"","protected":false},"excerpt":{"rendered":"<p>12 cm<\/p>\n<p>\u00dcr\u00fcnler frans\u0131z limoges porselenden \u00fcretilmektedir.<\/p>\n<p>Makinada y\u0131kanabilir.<\/p>\n<p>G\u00f6rseldeki \u00fcr\u00fcn referans ama\u00e7l\u0131d\u0131r.<\/p>\n<p>Mevcut \u00fcr\u00fcn ile farkl\u0131l\u0131klar bulundurabilir.<\/p>\n","protected":false},"featured_media":59234,"comment_status":"open","ping_status":"closed","template":"","meta":[],"product_cat":[123,103,117],"product_tag":[],"class_list":{"0":"post-51665","1":"product","2":"type-product","3":"status-publish","4":"has-post-thumbnail","6":"product_cat-12cm-mini-plate-en","7":"product_cat-galaxy-en","8":"product_cat-plate","10":"first","11":"outofstock","12":"taxable","13":"shipping-taxable","14":"purchasable","15":"product-type-simple"},"_links":{"self":[{"href":"https:\/\/www.monologuestories.com\/en\/wp-json\/wp\/v2\/product\/51665"}],"collection":[{"href":"https:\/\/www.monologuestories.com\/en\/wp-json\/wp\/v2\/product"}],"about":[{"href":"https:\/\/www.monologuestories.com\/en\/wp-json\/wp\/v2\/types\/product"}],"replies":[{"embeddable":true,"href":"https:\/\/www.monologuestories.com\/en\/wp-json\/wp\/v2\/comments?post=51665"}],"wp:featuredmedia":[{"embeddable":true,"href":"https:\/\/www.monologuestories.com\/en\/wp-json\/wp\/v2\/media\/59234"}],"wp:attachment":[{"href":"https:\/\/www.monologuestories.com\/en\/wp-json\/wp\/v2\/media?parent=51665"}],"wp:term":[{"taxonomy":"product_cat","embeddable":true,"href":"https:\/\/www.monologuestories.com\/en\/wp-json\/wp\/v2\/product_cat?post=51665"},{"taxonomy":"product_tag","embeddable":true,"href":"https:\/\/www.monologuestories.com\/en\/wp-json\/wp\/v2\/product_tag?post=51665"}],"curies":[{"name":"wp","href":"https:\/\/api.w.org\/{rel}","templated":true}]}}