


{"id":52602,"date":"2021-04-22T16:47:49","date_gmt":"2021-04-22T13:47:49","guid":{"rendered":"https:\/\/www.monologuestories.com\/urun\/mini-old-but-new-white-nude\/"},"modified":"2026-03-27T15:07:26","modified_gmt":"2026-03-27T12:07:26","slug":"mini-old-but-new-white-nude","status":"publish","type":"product","link":"https:\/\/www.monologuestories.com\/en\/product\/mini-old-but-new-white-nude\/","title":{"rendered":"*mini* old but new &#8211; white\/nude"},"content":{"rendered":"","protected":false},"excerpt":{"rendered":"<p>100 ml<\/p>\n<p>\u00dcr\u00fcnler frans\u0131z limoges porselenden \u00fcretilmektedir.<\/p>\n<p>Makinada y\u0131kanabilir.<\/p>\n<p>G\u00f6rseldeki \u00fcr\u00fcn referans ama\u00e7l\u0131d\u0131r.<\/p>\n<p>Mevcut \u00fcr\u00fcn ile farkl\u0131l\u0131klar bulundurabilir.<\/p>\n","protected":false},"featured_media":58322,"comment_status":"open","ping_status":"closed","template":"","meta":[],"product_cat":[107,108,95,165],"product_tag":[],"class_list":{"0":"post-52602","1":"product","2":"type-product","3":"status-publish","4":"has-post-thumbnail","6":"product_cat-mini-old-but-new-en","7":"product_cat-flirty-en","8":"product_cat-glass","9":"product_cat-indirimli-urunler-en","11":"first","12":"instock","13":"sale","14":"taxable","15":"shipping-taxable","16":"purchasable","17":"product-type-simple"},"_links":{"self":[{"href":"https:\/\/www.monologuestories.com\/en\/wp-json\/wp\/v2\/product\/52602"}],"collection":[{"href":"https:\/\/www.monologuestories.com\/en\/wp-json\/wp\/v2\/product"}],"about":[{"href":"https:\/\/www.monologuestories.com\/en\/wp-json\/wp\/v2\/types\/product"}],"replies":[{"embeddable":true,"href":"https:\/\/www.monologuestories.com\/en\/wp-json\/wp\/v2\/comments?post=52602"}],"wp:featuredmedia":[{"embeddable":true,"href":"https:\/\/www.monologuestories.com\/en\/wp-json\/wp\/v2\/media\/58322"}],"wp:attachment":[{"href":"https:\/\/www.monologuestories.com\/en\/wp-json\/wp\/v2\/media?parent=52602"}],"wp:term":[{"taxonomy":"product_cat","embeddable":true,"href":"https:\/\/www.monologuestories.com\/en\/wp-json\/wp\/v2\/product_cat?post=52602"},{"taxonomy":"product_tag","embeddable":true,"href":"https:\/\/www.monologuestories.com\/en\/wp-json\/wp\/v2\/product_tag?post=52602"}],"curies":[{"name":"wp","href":"https:\/\/api.w.org\/{rel}","templated":true}]}}