


{"id":52607,"date":"2021-04-22T16:34:54","date_gmt":"2021-04-22T13:34:54","guid":{"rendered":"https:\/\/www.monologuestories.com\/urun\/midi-old-but-new-olive-white\/"},"modified":"2025-09-26T11:33:38","modified_gmt":"2025-09-26T08:33:38","slug":"midi-old-but-new-olive-white","status":"publish","type":"product","link":"https:\/\/www.monologuestories.com\/en\/product\/midi-old-but-new-olive-white\/","title":{"rendered":"*midi* old but new &#8211; olive\/white"},"content":{"rendered":"","protected":false},"excerpt":{"rendered":"<p>200 ml<\/p>\n<p>\u00dcr\u00fcnler frans\u0131z limoges porselenden \u00fcretilmektedir.<\/p>\n<p>Makinada y\u0131kanabilir.<\/p>\n<p>G\u00f6rseldeki \u00fcr\u00fcn referans ama\u00e7l\u0131d\u0131r.<\/p>\n<p>Mevcut \u00fcr\u00fcn ile farkl\u0131l\u0131klar bulundurabilir.<\/p>\n","protected":false},"featured_media":43147,"comment_status":"open","ping_status":"closed","template":"","meta":[],"product_cat":[114,112,103,95],"product_tag":[],"class_list":{"0":"post-52607","1":"product","2":"type-product","3":"status-publish","4":"has-post-thumbnail","6":"product_cat-midi-old-but-new-en","7":"product_cat-collections","8":"product_cat-galaxy-en","9":"product_cat-glass","11":"first","12":"outofstock","13":"taxable","14":"shipping-taxable","15":"purchasable","16":"product-type-simple"},"_links":{"self":[{"href":"https:\/\/www.monologuestories.com\/en\/wp-json\/wp\/v2\/product\/52607"}],"collection":[{"href":"https:\/\/www.monologuestories.com\/en\/wp-json\/wp\/v2\/product"}],"about":[{"href":"https:\/\/www.monologuestories.com\/en\/wp-json\/wp\/v2\/types\/product"}],"replies":[{"embeddable":true,"href":"https:\/\/www.monologuestories.com\/en\/wp-json\/wp\/v2\/comments?post=52607"}],"wp:featuredmedia":[{"embeddable":true,"href":"https:\/\/www.monologuestories.com\/en\/wp-json\/wp\/v2\/media\/43147"}],"wp:attachment":[{"href":"https:\/\/www.monologuestories.com\/en\/wp-json\/wp\/v2\/media?parent=52607"}],"wp:term":[{"taxonomy":"product_cat","embeddable":true,"href":"https:\/\/www.monologuestories.com\/en\/wp-json\/wp\/v2\/product_cat?post=52607"},{"taxonomy":"product_tag","embeddable":true,"href":"https:\/\/www.monologuestories.com\/en\/wp-json\/wp\/v2\/product_tag?post=52607"}],"curies":[{"name":"wp","href":"https:\/\/api.w.org\/{rel}","templated":true}]}}