


{"id":52631,"date":"2021-04-22T16:17:13","date_gmt":"2021-04-22T13:17:13","guid":{"rendered":"https:\/\/www.monologuestories.com\/urun\/coconut-small-olive-black\/"},"modified":"2025-02-19T17:17:31","modified_gmt":"2025-02-19T14:17:31","slug":"coconut-small-olive-black","status":"publish","type":"product","link":"https:\/\/www.monologuestories.com\/en\/product\/coconut-small-olive-black\/","title":{"rendered":"coconut Small &#8211; olive\/black-dot"},"content":{"rendered":"","protected":false},"excerpt":{"rendered":"<p>125 ml<\/p>\n<p>\u00dcr\u00fcnler frans\u0131z limoges porselenden \u00fcretilmektedir.<\/p>\n<p>Makinada y\u0131kanabilir.<\/p>\n<p>G\u00f6rseldeki \u00fcr\u00fcn referans ama\u00e7l\u0131d\u0131r.<\/p>\n<p>Mevcut \u00fcr\u00fcn ile farkl\u0131l\u0131klar bulundurabilir.<\/p>\n","protected":false},"featured_media":43169,"comment_status":"open","ping_status":"closed","template":"","meta":[],"product_cat":[97,104,103,95],"product_tag":[],"class_list":{"0":"post-52631","1":"product","2":"type-product","3":"status-publish","4":"has-post-thumbnail","6":"product_cat-bowl","7":"product_cat-coconut-small-en","8":"product_cat-galaxy-en","9":"product_cat-glass","11":"first","12":"outofstock","13":"taxable","14":"shipping-taxable","15":"purchasable","16":"product-type-simple"},"_links":{"self":[{"href":"https:\/\/www.monologuestories.com\/en\/wp-json\/wp\/v2\/product\/52631"}],"collection":[{"href":"https:\/\/www.monologuestories.com\/en\/wp-json\/wp\/v2\/product"}],"about":[{"href":"https:\/\/www.monologuestories.com\/en\/wp-json\/wp\/v2\/types\/product"}],"replies":[{"embeddable":true,"href":"https:\/\/www.monologuestories.com\/en\/wp-json\/wp\/v2\/comments?post=52631"}],"wp:featuredmedia":[{"embeddable":true,"href":"https:\/\/www.monologuestories.com\/en\/wp-json\/wp\/v2\/media\/43169"}],"wp:attachment":[{"href":"https:\/\/www.monologuestories.com\/en\/wp-json\/wp\/v2\/media?parent=52631"}],"wp:term":[{"taxonomy":"product_cat","embeddable":true,"href":"https:\/\/www.monologuestories.com\/en\/wp-json\/wp\/v2\/product_cat?post=52631"},{"taxonomy":"product_tag","embeddable":true,"href":"https:\/\/www.monologuestories.com\/en\/wp-json\/wp\/v2\/product_tag?post=52631"}],"curies":[{"name":"wp","href":"https:\/\/api.w.org\/{rel}","templated":true}]}}