


{"id":53221,"date":"2021-02-11T16:50:50","date_gmt":"2021-02-11T13:50:50","guid":{"rendered":"https:\/\/www.monologuestories.com\/urun\/classic-s-forest-scarlet\/"},"modified":"2023-09-27T12:39:01","modified_gmt":"2023-09-27T09:39:01","slug":"classic-s-forest-scarlet","status":"publish","type":"product","link":"https:\/\/www.monologuestories.com\/en\/product\/classic-s-forest-scarlet\/","title":{"rendered":"classic S &#8211; forest\/scarlet &#8211; dot"},"content":{"rendered":"","protected":false},"excerpt":{"rendered":"<p>150 ml<\/p>\n<p>\u00dcr\u00fcnler frans\u0131z limoges porselenden \u00fcretilmektedir.<\/p>\n<p>Makinada y\u0131kanabilir.<\/p>\n<p>G\u00f6rseldeki \u00fcr\u00fcn referans ama\u00e7l\u0131d\u0131r.<\/p>\n<p>Mevcut \u00fcr\u00fcn ile farkl\u0131l\u0131klar bulundurabilir.<\/p>\n","protected":false},"featured_media":42452,"comment_status":"open","ping_status":"closed","template":"","meta":[],"product_cat":[97,112,95,98,125],"product_tag":[],"class_list":{"0":"post-53221","1":"product","2":"type-product","3":"status-publish","4":"has-post-thumbnail","6":"product_cat-bowl","7":"product_cat-collections","8":"product_cat-glass","9":"product_cat-pjs-en","10":"product_cat-classic-s-en","12":"first","13":"outofstock","14":"taxable","15":"shipping-taxable","16":"purchasable","17":"product-type-simple"},"_links":{"self":[{"href":"https:\/\/www.monologuestories.com\/en\/wp-json\/wp\/v2\/product\/53221"}],"collection":[{"href":"https:\/\/www.monologuestories.com\/en\/wp-json\/wp\/v2\/product"}],"about":[{"href":"https:\/\/www.monologuestories.com\/en\/wp-json\/wp\/v2\/types\/product"}],"replies":[{"embeddable":true,"href":"https:\/\/www.monologuestories.com\/en\/wp-json\/wp\/v2\/comments?post=53221"}],"wp:featuredmedia":[{"embeddable":true,"href":"https:\/\/www.monologuestories.com\/en\/wp-json\/wp\/v2\/media\/42452"}],"wp:attachment":[{"href":"https:\/\/www.monologuestories.com\/en\/wp-json\/wp\/v2\/media?parent=53221"}],"wp:term":[{"taxonomy":"product_cat","embeddable":true,"href":"https:\/\/www.monologuestories.com\/en\/wp-json\/wp\/v2\/product_cat?post=53221"},{"taxonomy":"product_tag","embeddable":true,"href":"https:\/\/www.monologuestories.com\/en\/wp-json\/wp\/v2\/product_tag?post=53221"}],"curies":[{"name":"wp","href":"https:\/\/api.w.org\/{rel}","templated":true}]}}