


{"id":53222,"date":"2021-02-11T16:49:34","date_gmt":"2021-02-11T13:49:34","guid":{"rendered":"https:\/\/www.monologuestories.com\/urun\/coconut-small-forest-lilac\/"},"modified":"2023-09-27T12:40:33","modified_gmt":"2023-09-27T09:40:33","slug":"coconut-small-forest-lilac","status":"publish","type":"product","link":"https:\/\/www.monologuestories.com\/en\/product\/coconut-small-forest-lilac\/","title":{"rendered":"coconut Small &#8211; forest\/lilac &#8211; dot"},"content":{"rendered":"","protected":false},"excerpt":{"rendered":"<p>125 ml<\/p>\n<p>\u00dcr\u00fcnler frans\u0131z limoges porselenden \u00fcretilmektedir.<\/p>\n<p>Makinada y\u0131kanabilir.<\/p>\n<p>G\u00f6rseldeki \u00fcr\u00fcn referans ama\u00e7l\u0131d\u0131r.<\/p>\n<p>Mevcut \u00fcr\u00fcn ile farkl\u0131l\u0131klar bulundurabilir.<\/p>\n","protected":false},"featured_media":42451,"comment_status":"open","ping_status":"closed","template":"","meta":[],"product_cat":[97,104,103,95],"product_tag":[],"class_list":{"0":"post-53222","1":"product","2":"type-product","3":"status-publish","4":"has-post-thumbnail","6":"product_cat-bowl","7":"product_cat-coconut-small-en","8":"product_cat-galaxy-en","9":"product_cat-glass","11":"first","12":"outofstock","13":"taxable","14":"shipping-taxable","15":"purchasable","16":"product-type-simple"},"_links":{"self":[{"href":"https:\/\/www.monologuestories.com\/en\/wp-json\/wp\/v2\/product\/53222"}],"collection":[{"href":"https:\/\/www.monologuestories.com\/en\/wp-json\/wp\/v2\/product"}],"about":[{"href":"https:\/\/www.monologuestories.com\/en\/wp-json\/wp\/v2\/types\/product"}],"replies":[{"embeddable":true,"href":"https:\/\/www.monologuestories.com\/en\/wp-json\/wp\/v2\/comments?post=53222"}],"wp:featuredmedia":[{"embeddable":true,"href":"https:\/\/www.monologuestories.com\/en\/wp-json\/wp\/v2\/media\/42451"}],"wp:attachment":[{"href":"https:\/\/www.monologuestories.com\/en\/wp-json\/wp\/v2\/media?parent=53222"}],"wp:term":[{"taxonomy":"product_cat","embeddable":true,"href":"https:\/\/www.monologuestories.com\/en\/wp-json\/wp\/v2\/product_cat?post=53222"},{"taxonomy":"product_tag","embeddable":true,"href":"https:\/\/www.monologuestories.com\/en\/wp-json\/wp\/v2\/product_tag?post=53222"}],"curies":[{"name":"wp","href":"https:\/\/api.w.org\/{rel}","templated":true}]}}