


{"id":53659,"date":"2020-12-17T16:15:47","date_gmt":"2020-12-17T13:15:47","guid":{"rendered":"https:\/\/www.monologuestories.com\/urun\/mini-old-but-new-melon-carmen\/"},"modified":"2025-09-26T11:52:52","modified_gmt":"2025-09-26T08:52:52","slug":"mini-old-but-new-melon-carmen","status":"publish","type":"product","link":"https:\/\/www.monologuestories.com\/en\/product\/mini-old-but-new-melon-carmen\/","title":{"rendered":"*mini* old but new &#8211; melon\/carmen"},"content":{"rendered":"","protected":false},"excerpt":{"rendered":"<p>100 ml<\/p>\n<p>\u00dcr\u00fcnler frans\u0131z limoges porselenden \u00fcretilmektedir.<\/p>\n<p>Makinada y\u0131kanabilir.<\/p>\n<p>G\u00f6rseldeki \u00fcr\u00fcn referans ama\u00e7l\u0131d\u0131r.<\/p>\n<p>Mevcut \u00fcr\u00fcn ile farkl\u0131l\u0131klar bulundurabilir.<\/p>\n","protected":false},"featured_media":41949,"comment_status":"open","ping_status":"closed","template":"","meta":[],"product_cat":[107,95,115],"product_tag":[],"class_list":{"0":"post-53659","1":"product","2":"type-product","3":"status-publish","4":"has-post-thumbnail","6":"product_cat-mini-old-but-new-en","7":"product_cat-glass","8":"product_cat-plain-en","10":"first","11":"outofstock","12":"taxable","13":"shipping-taxable","14":"purchasable","15":"product-type-simple"},"_links":{"self":[{"href":"https:\/\/www.monologuestories.com\/en\/wp-json\/wp\/v2\/product\/53659"}],"collection":[{"href":"https:\/\/www.monologuestories.com\/en\/wp-json\/wp\/v2\/product"}],"about":[{"href":"https:\/\/www.monologuestories.com\/en\/wp-json\/wp\/v2\/types\/product"}],"replies":[{"embeddable":true,"href":"https:\/\/www.monologuestories.com\/en\/wp-json\/wp\/v2\/comments?post=53659"}],"wp:featuredmedia":[{"embeddable":true,"href":"https:\/\/www.monologuestories.com\/en\/wp-json\/wp\/v2\/media\/41949"}],"wp:attachment":[{"href":"https:\/\/www.monologuestories.com\/en\/wp-json\/wp\/v2\/media?parent=53659"}],"wp:term":[{"taxonomy":"product_cat","embeddable":true,"href":"https:\/\/www.monologuestories.com\/en\/wp-json\/wp\/v2\/product_cat?post=53659"},{"taxonomy":"product_tag","embeddable":true,"href":"https:\/\/www.monologuestories.com\/en\/wp-json\/wp\/v2\/product_tag?post=53659"}],"curies":[{"name":"wp","href":"https:\/\/api.w.org\/{rel}","templated":true}]}}