


{"id":53884,"date":"2020-11-19T12:47:51","date_gmt":"2020-11-19T09:47:51","guid":{"rendered":"https:\/\/www.monologuestories.com\/urun\/gong-melon-carmen\/"},"modified":"2025-09-30T10:22:19","modified_gmt":"2025-09-30T07:22:19","slug":"gong-melon-carmen","status":"publish","type":"product","link":"https:\/\/www.monologuestories.com\/en\/product\/gong-melon-carmen\/","title":{"rendered":"gong &#8211; melon\/carmen &#8211; dot"},"content":{"rendered":"","protected":false},"excerpt":{"rendered":"<p>170 ml<\/p>\n<p>\u00dcr\u00fcnler frans\u0131z limoges porselenden \u00fcretilmektedir.<\/p>\n<p>Makinada y\u0131kanabilir.<\/p>\n<p>G\u00f6rseldeki \u00fcr\u00fcn referans ama\u00e7l\u0131d\u0131r.<\/p>\n<p>Mevcut \u00fcr\u00fcn ile farkl\u0131l\u0131klar bulundurabilir.<\/p>\n","protected":false},"featured_media":48202,"comment_status":"open","ping_status":"closed","template":"","meta":[],"product_cat":[112,95,121,98,165],"product_tag":[],"class_list":{"0":"post-53884","1":"product","2":"type-product","3":"status-publish","4":"has-post-thumbnail","6":"product_cat-collections","7":"product_cat-glass","8":"product_cat-gong-en","9":"product_cat-pjs-en","10":"product_cat-indirimli-urunler-en","12":"first","13":"outofstock","14":"sale","15":"taxable","16":"shipping-taxable","17":"purchasable","18":"product-type-simple"},"_links":{"self":[{"href":"https:\/\/www.monologuestories.com\/en\/wp-json\/wp\/v2\/product\/53884"}],"collection":[{"href":"https:\/\/www.monologuestories.com\/en\/wp-json\/wp\/v2\/product"}],"about":[{"href":"https:\/\/www.monologuestories.com\/en\/wp-json\/wp\/v2\/types\/product"}],"replies":[{"embeddable":true,"href":"https:\/\/www.monologuestories.com\/en\/wp-json\/wp\/v2\/comments?post=53884"}],"wp:featuredmedia":[{"embeddable":true,"href":"https:\/\/www.monologuestories.com\/en\/wp-json\/wp\/v2\/media\/48202"}],"wp:attachment":[{"href":"https:\/\/www.monologuestories.com\/en\/wp-json\/wp\/v2\/media?parent=53884"}],"wp:term":[{"taxonomy":"product_cat","embeddable":true,"href":"https:\/\/www.monologuestories.com\/en\/wp-json\/wp\/v2\/product_cat?post=53884"},{"taxonomy":"product_tag","embeddable":true,"href":"https:\/\/www.monologuestories.com\/en\/wp-json\/wp\/v2\/product_tag?post=53884"}],"curies":[{"name":"wp","href":"https:\/\/api.w.org\/{rel}","templated":true}]}}