


{"id":54417,"date":"2020-07-28T16:35:54","date_gmt":"2020-07-28T13:35:54","guid":{"rendered":"https:\/\/www.monologuestories.com\/urun\/classic-m-white-black-pearl-silver\/"},"modified":"2025-09-26T15:10:40","modified_gmt":"2025-09-26T12:10:40","slug":"classic-m-white-black-pearl-silver","status":"publish","type":"product","link":"https:\/\/www.monologuestories.com\/en\/product\/classic-m-white-black-pearl-silver\/","title":{"rendered":"classic M &#8211; white\/black pearl\/silver"},"content":{"rendered":"","protected":false},"excerpt":{"rendered":"<p>250 ml<\/p>\n<p>\u00dcr\u00fcnler frans\u0131z limoges porselenden \u00fcretilmektedir.<\/p>\n<p>Makinada y\u0131kanabilir.<\/p>\n<p>G\u00f6rseldeki \u00fcr\u00fcn referans ama\u00e7l\u0131d\u0131r.<\/p>\n<p>Mevcut \u00fcr\u00fcn ile farkl\u0131l\u0131klar bulundurabilir.<\/p>\n","protected":false},"featured_media":41063,"comment_status":"open","ping_status":"closed","template":"","meta":[],"product_cat":[96,101,95,132],"product_tag":[],"class_list":{"0":"post-54417","1":"product","2":"type-product","3":"status-publish","4":"has-post-thumbnail","6":"product_cat-classic-m-en","7":"product_cat-free-beans-en","8":"product_cat-glass","9":"product_cat-silver-en","11":"first","12":"outofstock","13":"taxable","14":"shipping-taxable","15":"purchasable","16":"product-type-simple"},"_links":{"self":[{"href":"https:\/\/www.monologuestories.com\/en\/wp-json\/wp\/v2\/product\/54417"}],"collection":[{"href":"https:\/\/www.monologuestories.com\/en\/wp-json\/wp\/v2\/product"}],"about":[{"href":"https:\/\/www.monologuestories.com\/en\/wp-json\/wp\/v2\/types\/product"}],"replies":[{"embeddable":true,"href":"https:\/\/www.monologuestories.com\/en\/wp-json\/wp\/v2\/comments?post=54417"}],"wp:featuredmedia":[{"embeddable":true,"href":"https:\/\/www.monologuestories.com\/en\/wp-json\/wp\/v2\/media\/41063"}],"wp:attachment":[{"href":"https:\/\/www.monologuestories.com\/en\/wp-json\/wp\/v2\/media?parent=54417"}],"wp:term":[{"taxonomy":"product_cat","embeddable":true,"href":"https:\/\/www.monologuestories.com\/en\/wp-json\/wp\/v2\/product_cat?post=54417"},{"taxonomy":"product_tag","embeddable":true,"href":"https:\/\/www.monologuestories.com\/en\/wp-json\/wp\/v2\/product_tag?post=54417"}],"curies":[{"name":"wp","href":"https:\/\/api.w.org\/{rel}","templated":true}]}}