


{"id":54444,"date":"2020-07-28T15:26:38","date_gmt":"2020-07-28T12:26:38","guid":{"rendered":"https:\/\/www.monologuestories.com\/urun\/the-kase-somon-scarlet-2\/"},"modified":"2020-07-28T15:26:38","modified_gmt":"2020-07-28T12:26:38","slug":"the-kase-somon-scarlet-2","status":"publish","type":"product","link":"https:\/\/www.monologuestories.com\/en\/product\/the-kase-somon-scarlet-2\/","title":{"rendered":"The Kase &#8211; somon\/scarlet"},"content":{"rendered":"","protected":false},"excerpt":{"rendered":"<p>\u00dcr\u00fcnler frans\u0131z limoges porselenden \u00fcretilmektedir.<\/p>\n<p>Makinada y\u0131kanabilir.<\/p>\n<p>G\u00f6rseldeki \u00fcr\u00fcn referans ama\u00e7l\u0131d\u0131r.<\/p>\n<p>Mevcut \u00fcr\u00fcn ile farkl\u0131l\u0131klar bulundurabilir.<\/p>\n","protected":false},"featured_media":41019,"comment_status":"open","ping_status":"closed","template":"","meta":[],"product_cat":[97,101,122],"product_tag":[],"class_list":{"0":"post-54444","1":"product","2":"type-product","3":"status-publish","4":"has-post-thumbnail","6":"product_cat-bowl","7":"product_cat-free-beans-en","8":"product_cat-the-grail","10":"first","11":"outofstock","12":"taxable","13":"shipping-taxable","14":"purchasable","15":"product-type-simple"},"_links":{"self":[{"href":"https:\/\/www.monologuestories.com\/en\/wp-json\/wp\/v2\/product\/54444"}],"collection":[{"href":"https:\/\/www.monologuestories.com\/en\/wp-json\/wp\/v2\/product"}],"about":[{"href":"https:\/\/www.monologuestories.com\/en\/wp-json\/wp\/v2\/types\/product"}],"replies":[{"embeddable":true,"href":"https:\/\/www.monologuestories.com\/en\/wp-json\/wp\/v2\/comments?post=54444"}],"wp:featuredmedia":[{"embeddable":true,"href":"https:\/\/www.monologuestories.com\/en\/wp-json\/wp\/v2\/media\/41019"}],"wp:attachment":[{"href":"https:\/\/www.monologuestories.com\/en\/wp-json\/wp\/v2\/media?parent=54444"}],"wp:term":[{"taxonomy":"product_cat","embeddable":true,"href":"https:\/\/www.monologuestories.com\/en\/wp-json\/wp\/v2\/product_cat?post=54444"},{"taxonomy":"product_tag","embeddable":true,"href":"https:\/\/www.monologuestories.com\/en\/wp-json\/wp\/v2\/product_tag?post=54444"}],"curies":[{"name":"wp","href":"https:\/\/api.w.org\/{rel}","templated":true}]}}