


{"id":54460,"date":"2020-07-28T14:54:50","date_gmt":"2020-07-28T11:54:50","guid":{"rendered":"https:\/\/www.monologuestories.com\/urun\/classic-l-forest-pink\/"},"modified":"2025-09-26T14:21:12","modified_gmt":"2025-09-26T11:21:12","slug":"classic-l-forest-pink","status":"publish","type":"product","link":"https:\/\/www.monologuestories.com\/en\/product\/classic-l-forest-pink\/","title":{"rendered":"classic L &#8211; forest\/pink"},"content":{"rendered":"","protected":false},"excerpt":{"rendered":"<p>350 ml<\/p>\n<p>\u00dcr\u00fcnler frans\u0131z limoges porselenden \u00fcretilmektedir.<\/p>\n<p>Makinada y\u0131kanabilir.<\/p>\n<p>G\u00f6rseldeki \u00fcr\u00fcn referans ama\u00e7l\u0131d\u0131r.<\/p>\n<p>Mevcut \u00fcr\u00fcn ile farkl\u0131l\u0131klar bulundurabilir.<\/p>\n","protected":false},"featured_media":41001,"comment_status":"open","ping_status":"closed","template":"","meta":[],"product_cat":[110,95,98],"product_tag":[],"class_list":{"0":"post-54460","1":"product","2":"type-product","3":"status-publish","4":"has-post-thumbnail","6":"product_cat-classic-l-en","7":"product_cat-glass","8":"product_cat-pjs-en","10":"first","11":"outofstock","12":"taxable","13":"shipping-taxable","14":"purchasable","15":"product-type-simple"},"_links":{"self":[{"href":"https:\/\/www.monologuestories.com\/en\/wp-json\/wp\/v2\/product\/54460"}],"collection":[{"href":"https:\/\/www.monologuestories.com\/en\/wp-json\/wp\/v2\/product"}],"about":[{"href":"https:\/\/www.monologuestories.com\/en\/wp-json\/wp\/v2\/types\/product"}],"replies":[{"embeddable":true,"href":"https:\/\/www.monologuestories.com\/en\/wp-json\/wp\/v2\/comments?post=54460"}],"wp:featuredmedia":[{"embeddable":true,"href":"https:\/\/www.monologuestories.com\/en\/wp-json\/wp\/v2\/media\/41001"}],"wp:attachment":[{"href":"https:\/\/www.monologuestories.com\/en\/wp-json\/wp\/v2\/media?parent=54460"}],"wp:term":[{"taxonomy":"product_cat","embeddable":true,"href":"https:\/\/www.monologuestories.com\/en\/wp-json\/wp\/v2\/product_cat?post=54460"},{"taxonomy":"product_tag","embeddable":true,"href":"https:\/\/www.monologuestories.com\/en\/wp-json\/wp\/v2\/product_tag?post=54460"}],"curies":[{"name":"wp","href":"https:\/\/api.w.org\/{rel}","templated":true}]}}