


{"id":54605,"date":"2020-06-26T15:48:00","date_gmt":"2020-06-26T12:48:00","guid":{"rendered":"https:\/\/www.monologuestories.com\/urun\/12-cm-mini-plate-grey\/"},"modified":"2020-06-26T15:48:00","modified_gmt":"2020-06-26T12:48:00","slug":"12-cm-mini-plate-grey","status":"publish","type":"product","link":"https:\/\/www.monologuestories.com\/en\/product\/12-cm-mini-plate-grey\/","title":{"rendered":"12 cm *mini* plate &#8211; grey"},"content":{"rendered":"","protected":false},"excerpt":{"rendered":"<p>12 cm<\/p>\n<p>\u00dcr\u00fcnler frans\u0131z limoges porselenden \u00fcretilmektedir.<\/p>\n<p>Makinada y\u0131kanabilir.<\/p>\n<p>G\u00f6rseldeki \u00fcr\u00fcn referans ama\u00e7l\u0131d\u0131r.<\/p>\n<p>Mevcut \u00fcr\u00fcn ile farkl\u0131l\u0131klar bulundurabilir.<\/p>\n","protected":false},"featured_media":40808,"comment_status":"open","ping_status":"closed","template":"","meta":[],"product_cat":[123,115,117],"product_tag":[],"class_list":{"0":"post-54605","1":"product","2":"type-product","3":"status-publish","4":"has-post-thumbnail","6":"product_cat-12cm-mini-plate-en","7":"product_cat-plain-en","8":"product_cat-plate","10":"first","11":"outofstock","12":"taxable","13":"shipping-taxable","14":"purchasable","15":"product-type-simple"},"_links":{"self":[{"href":"https:\/\/www.monologuestories.com\/en\/wp-json\/wp\/v2\/product\/54605"}],"collection":[{"href":"https:\/\/www.monologuestories.com\/en\/wp-json\/wp\/v2\/product"}],"about":[{"href":"https:\/\/www.monologuestories.com\/en\/wp-json\/wp\/v2\/types\/product"}],"replies":[{"embeddable":true,"href":"https:\/\/www.monologuestories.com\/en\/wp-json\/wp\/v2\/comments?post=54605"}],"wp:featuredmedia":[{"embeddable":true,"href":"https:\/\/www.monologuestories.com\/en\/wp-json\/wp\/v2\/media\/40808"}],"wp:attachment":[{"href":"https:\/\/www.monologuestories.com\/en\/wp-json\/wp\/v2\/media?parent=54605"}],"wp:term":[{"taxonomy":"product_cat","embeddable":true,"href":"https:\/\/www.monologuestories.com\/en\/wp-json\/wp\/v2\/product_cat?post=54605"},{"taxonomy":"product_tag","embeddable":true,"href":"https:\/\/www.monologuestories.com\/en\/wp-json\/wp\/v2\/product_tag?post=54605"}],"curies":[{"name":"wp","href":"https:\/\/api.w.org\/{rel}","templated":true}]}}