


{"id":55190,"date":"2023-07-06T10:21:03","date_gmt":"2023-07-06T07:21:03","guid":{"rendered":"https:\/\/www.monologuestories.com\/?post_type=product&#038;p=55190"},"modified":"2026-04-15T14:51:18","modified_gmt":"2026-04-15T11:51:18","slug":"muffin-l-forest-lilac","status":"publish","type":"product","link":"https:\/\/www.monologuestories.com\/en\/product\/muffin-l-forest-lilac\/","title":{"rendered":"muffin L &#8211; forest\/lilac"},"content":{"rendered":"","protected":false},"excerpt":{"rendered":"<p>350 ml<\/p>\n<p>\u00dcr\u00fcnler frans\u0131z limoges porselenden \u00fcretilmektedir.<\/p>\n<p>Makinada y\u0131kanabilir.<\/p>\n<p>G\u00f6rseldeki \u00fcr\u00fcn referans ama\u00e7l\u0131d\u0131r.<\/p>\n<p>Mevcut \u00fcr\u00fcn ile farkl\u0131l\u0131klar bulundurabilir.<\/p>\n","protected":false},"featured_media":55144,"comment_status":"open","ping_status":"closed","template":"","meta":[],"product_cat":[105,106,165],"product_tag":[],"class_list":{"0":"post-55190","1":"product","2":"type-product","3":"status-publish","4":"has-post-thumbnail","6":"product_cat-general","7":"product_cat-muffin-l-en","8":"product_cat-indirimli-urunler-en","10":"first","11":"instock","12":"sale","13":"taxable","14":"shipping-taxable","15":"purchasable","16":"product-type-simple"},"_links":{"self":[{"href":"https:\/\/www.monologuestories.com\/en\/wp-json\/wp\/v2\/product\/55190"}],"collection":[{"href":"https:\/\/www.monologuestories.com\/en\/wp-json\/wp\/v2\/product"}],"about":[{"href":"https:\/\/www.monologuestories.com\/en\/wp-json\/wp\/v2\/types\/product"}],"replies":[{"embeddable":true,"href":"https:\/\/www.monologuestories.com\/en\/wp-json\/wp\/v2\/comments?post=55190"}],"wp:featuredmedia":[{"embeddable":true,"href":"https:\/\/www.monologuestories.com\/en\/wp-json\/wp\/v2\/media\/55144"}],"wp:attachment":[{"href":"https:\/\/www.monologuestories.com\/en\/wp-json\/wp\/v2\/media?parent=55190"}],"wp:term":[{"taxonomy":"product_cat","embeddable":true,"href":"https:\/\/www.monologuestories.com\/en\/wp-json\/wp\/v2\/product_cat?post=55190"},{"taxonomy":"product_tag","embeddable":true,"href":"https:\/\/www.monologuestories.com\/en\/wp-json\/wp\/v2\/product_tag?post=55190"}],"curies":[{"name":"wp","href":"https:\/\/api.w.org\/{rel}","templated":true}]}}