


{"id":57896,"date":"2024-02-07T17:01:30","date_gmt":"2024-02-07T14:01:30","guid":{"rendered":"https:\/\/www.monologuestories.com\/?post_type=product&#038;p=57896"},"modified":"2026-01-19T14:48:56","modified_gmt":"2026-01-19T11:48:56","slug":"mini-old-but-new-white-lilac-koi","status":"publish","type":"product","link":"https:\/\/www.monologuestories.com\/en\/product\/mini-old-but-new-white-lilac-koi\/","title":{"rendered":"*mini* old but new &#8211; white\/lilac\/koi"},"content":{"rendered":"","protected":false},"excerpt":{"rendered":"<p>100 ml<\/p>\n<p>\u00dcr\u00fcnler frans\u0131z limoges porselenden \u00fcretilmektedir.<\/p>\n<p>Makinada y\u0131kanabilir.<\/p>\n<p>G\u00f6rseldeki \u00fcr\u00fcn referans ama\u00e7l\u0131d\u0131r.<\/p>\n<p>Mevcut \u00fcr\u00fcn ile farkl\u0131l\u0131klar bulundurabilir.<\/p>\n","protected":false},"featured_media":57842,"comment_status":"open","ping_status":"closed","template":"","meta":[],"product_cat":[107,112,95,159],"product_tag":[],"class_list":{"0":"post-57896","1":"product","2":"type-product","3":"status-publish","4":"has-post-thumbnail","6":"product_cat-mini-old-but-new-en","7":"product_cat-collections","8":"product_cat-glass","9":"product_cat-koi-en","11":"first","12":"instock","13":"taxable","14":"shipping-taxable","15":"purchasable","16":"product-type-simple"},"_links":{"self":[{"href":"https:\/\/www.monologuestories.com\/en\/wp-json\/wp\/v2\/product\/57896"}],"collection":[{"href":"https:\/\/www.monologuestories.com\/en\/wp-json\/wp\/v2\/product"}],"about":[{"href":"https:\/\/www.monologuestories.com\/en\/wp-json\/wp\/v2\/types\/product"}],"replies":[{"embeddable":true,"href":"https:\/\/www.monologuestories.com\/en\/wp-json\/wp\/v2\/comments?post=57896"}],"wp:featuredmedia":[{"embeddable":true,"href":"https:\/\/www.monologuestories.com\/en\/wp-json\/wp\/v2\/media\/57842"}],"wp:attachment":[{"href":"https:\/\/www.monologuestories.com\/en\/wp-json\/wp\/v2\/media?parent=57896"}],"wp:term":[{"taxonomy":"product_cat","embeddable":true,"href":"https:\/\/www.monologuestories.com\/en\/wp-json\/wp\/v2\/product_cat?post=57896"},{"taxonomy":"product_tag","embeddable":true,"href":"https:\/\/www.monologuestories.com\/en\/wp-json\/wp\/v2\/product_tag?post=57896"}],"curies":[{"name":"wp","href":"https:\/\/api.w.org\/{rel}","templated":true}]}}