


{"id":57906,"date":"2024-02-07T18:09:00","date_gmt":"2024-02-07T15:09:00","guid":{"rendered":"https:\/\/www.monologuestories.com\/?post_type=product&#038;p=57906"},"modified":"2024-02-07T18:10:16","modified_gmt":"2024-02-07T15:10:16","slug":"gong-lemon-pink-dot","status":"publish","type":"product","link":"https:\/\/www.monologuestories.com\/en\/product\/gong-lemon-pink-dot\/","title":{"rendered":"gong &#8211; lemon\/pink\/dot"},"content":{"rendered":"","protected":false},"excerpt":{"rendered":"<p>170 ml<\/p>\n<p>\u00dcr\u00fcnler frans\u0131z limoges porselenden \u00fcretilmektedir.<\/p>\n<p>Makinada y\u0131kanabilir.<\/p>\n<p>G\u00f6rseldeki \u00fcr\u00fcn referans ama\u00e7l\u0131d\u0131r.<\/p>\n<p>Mevcut \u00fcr\u00fcn ile farkl\u0131l\u0131klar bulundurabilir.<\/p>\n","protected":false},"featured_media":57848,"comment_status":"open","ping_status":"closed","template":"","meta":[],"product_cat":[95,121,98],"product_tag":[],"class_list":{"0":"post-57906","1":"product","2":"type-product","3":"status-publish","4":"has-post-thumbnail","6":"product_cat-glass","7":"product_cat-gong-en","8":"product_cat-pjs-en","10":"first","11":"outofstock","12":"taxable","13":"shipping-taxable","14":"purchasable","15":"product-type-simple"},"_links":{"self":[{"href":"https:\/\/www.monologuestories.com\/en\/wp-json\/wp\/v2\/product\/57906"}],"collection":[{"href":"https:\/\/www.monologuestories.com\/en\/wp-json\/wp\/v2\/product"}],"about":[{"href":"https:\/\/www.monologuestories.com\/en\/wp-json\/wp\/v2\/types\/product"}],"replies":[{"embeddable":true,"href":"https:\/\/www.monologuestories.com\/en\/wp-json\/wp\/v2\/comments?post=57906"}],"wp:featuredmedia":[{"embeddable":true,"href":"https:\/\/www.monologuestories.com\/en\/wp-json\/wp\/v2\/media\/57848"}],"wp:attachment":[{"href":"https:\/\/www.monologuestories.com\/en\/wp-json\/wp\/v2\/media?parent=57906"}],"wp:term":[{"taxonomy":"product_cat","embeddable":true,"href":"https:\/\/www.monologuestories.com\/en\/wp-json\/wp\/v2\/product_cat?post=57906"},{"taxonomy":"product_tag","embeddable":true,"href":"https:\/\/www.monologuestories.com\/en\/wp-json\/wp\/v2\/product_tag?post=57906"}],"curies":[{"name":"wp","href":"https:\/\/api.w.org\/{rel}","templated":true}]}}