


{"id":58247,"date":"2024-02-21T15:50:41","date_gmt":"2024-02-21T12:50:41","guid":{"rendered":"https:\/\/www.monologuestories.com\/?post_type=product&#038;p=58247"},"modified":"2024-03-01T16:45:20","modified_gmt":"2024-03-01T13:45:20","slug":"2li-set-muffin-m-white-pistachio-white-papaya","status":"publish","type":"product","link":"https:\/\/www.monologuestories.com\/en\/product\/2li-set-muffin-m-white-pistachio-white-papaya\/","title":{"rendered":"2&#8217;li set muffin M  &#8211; white\/pistachio &#8211; white\/papaya"},"content":{"rendered":"","protected":false},"excerpt":{"rendered":"<p>G\u00f6rselde bulunan 2 \u00fcr\u00fcn;<\/p>\n<p>muffin M &#8211; white\/pistachio<\/p>\n<p>muffin M &#8211; white\/papaya<\/p>\n<div class=\"product-short-description\">\n<p>250 ml<\/p>\n<p>\u00dcr\u00fcnler frans\u0131z limoges porselenden \u00fcretilmektedir.<\/p>\n<p>Elde y\u0131kamaya uygundur.<\/p>\n<p>G\u00f6rseldeki \u00fcr\u00fcn referans ama\u00e7l\u0131d\u0131r.<\/p>\n<p>Mevcut \u00fcr\u00fcn ile farkl\u0131l\u0131klar bulundurabilir.<\/p>\n<\/div>\n","protected":false},"featured_media":58219,"comment_status":"open","ping_status":"closed","template":"","meta":[],"product_cat":[105,95,155,124,161],"product_tag":[],"class_list":{"0":"post-58247","1":"product","2":"type-product","3":"status-publish","4":"has-post-thumbnail","6":"product_cat-general","7":"product_cat-glass","8":"product_cat-kombinli-setler-en","9":"product_cat-muffin-m-en","10":"product_cat-set-products","12":"first","13":"outofstock","14":"taxable","15":"shipping-taxable","16":"purchasable","17":"product-type-simple"},"_links":{"self":[{"href":"https:\/\/www.monologuestories.com\/en\/wp-json\/wp\/v2\/product\/58247"}],"collection":[{"href":"https:\/\/www.monologuestories.com\/en\/wp-json\/wp\/v2\/product"}],"about":[{"href":"https:\/\/www.monologuestories.com\/en\/wp-json\/wp\/v2\/types\/product"}],"replies":[{"embeddable":true,"href":"https:\/\/www.monologuestories.com\/en\/wp-json\/wp\/v2\/comments?post=58247"}],"wp:featuredmedia":[{"embeddable":true,"href":"https:\/\/www.monologuestories.com\/en\/wp-json\/wp\/v2\/media\/58219"}],"wp:attachment":[{"href":"https:\/\/www.monologuestories.com\/en\/wp-json\/wp\/v2\/media?parent=58247"}],"wp:term":[{"taxonomy":"product_cat","embeddable":true,"href":"https:\/\/www.monologuestories.com\/en\/wp-json\/wp\/v2\/product_cat?post=58247"},{"taxonomy":"product_tag","embeddable":true,"href":"https:\/\/www.monologuestories.com\/en\/wp-json\/wp\/v2\/product_tag?post=58247"}],"curies":[{"name":"wp","href":"https:\/\/api.w.org\/{rel}","templated":true}]}}