


{"id":58251,"date":"2024-02-21T16:05:14","date_gmt":"2024-02-21T13:05:14","guid":{"rendered":"https:\/\/www.monologuestories.com\/?post_type=product&#038;p=58251"},"modified":"2026-04-15T14:45:20","modified_gmt":"2026-04-15T11:45:20","slug":"4lu-set-muffin-m-indigo-forest-white-beige","status":"publish","type":"product","link":"https:\/\/www.monologuestories.com\/en\/product\/4lu-set-muffin-m-indigo-forest-white-beige\/","title":{"rendered":"4&#8217;l\u00fc set muffin M  &#8211; indigo &#8211; forest &#8211; white &#8211; beige"},"content":{"rendered":"","protected":false},"excerpt":{"rendered":"<p>G\u00f6rselde bulunan 4 \u00fcr\u00fcn;<\/p>\n<p>muffin M &#8211; indigo<\/p>\n<p>muffin M &#8211; forest<\/p>\n<p>muffin M &#8211; white<\/p>\n<p>muffin M &#8211; beige<\/p>\n<div class=\"product-short-description\">\n<p>250 ml<\/p>\n<p>\u00dcr\u00fcnler frans\u0131z limoges porselenden \u00fcretilmektedir.<\/p>\n<p>Elde y\u0131kamaya uygundur.<\/p>\n<p>G\u00f6rseldeki \u00fcr\u00fcn referans ama\u00e7l\u0131d\u0131r.<\/p>\n<p>Mevcut \u00fcr\u00fcn ile farkl\u0131l\u0131klar bulundurabilir.<\/p>\n<\/div>\n","protected":false},"featured_media":58243,"comment_status":"open","ping_status":"closed","template":"","meta":[],"product_cat":[105,95,165,155,124,161],"product_tag":[],"class_list":{"0":"post-58251","1":"product","2":"type-product","3":"status-publish","4":"has-post-thumbnail","6":"product_cat-general","7":"product_cat-glass","8":"product_cat-indirimli-urunler-en","9":"product_cat-kombinli-setler-en","10":"product_cat-muffin-m-en","11":"product_cat-set-products","13":"first","14":"instock","15":"sale","16":"taxable","17":"shipping-taxable","18":"purchasable","19":"product-type-simple"},"_links":{"self":[{"href":"https:\/\/www.monologuestories.com\/en\/wp-json\/wp\/v2\/product\/58251"}],"collection":[{"href":"https:\/\/www.monologuestories.com\/en\/wp-json\/wp\/v2\/product"}],"about":[{"href":"https:\/\/www.monologuestories.com\/en\/wp-json\/wp\/v2\/types\/product"}],"replies":[{"embeddable":true,"href":"https:\/\/www.monologuestories.com\/en\/wp-json\/wp\/v2\/comments?post=58251"}],"wp:featuredmedia":[{"embeddable":true,"href":"https:\/\/www.monologuestories.com\/en\/wp-json\/wp\/v2\/media\/58243"}],"wp:attachment":[{"href":"https:\/\/www.monologuestories.com\/en\/wp-json\/wp\/v2\/media?parent=58251"}],"wp:term":[{"taxonomy":"product_cat","embeddable":true,"href":"https:\/\/www.monologuestories.com\/en\/wp-json\/wp\/v2\/product_cat?post=58251"},{"taxonomy":"product_tag","embeddable":true,"href":"https:\/\/www.monologuestories.com\/en\/wp-json\/wp\/v2\/product_tag?post=58251"}],"curies":[{"name":"wp","href":"https:\/\/api.w.org\/{rel}","templated":true}]}}