


{"id":58253,"date":"2024-02-21T16:17:40","date_gmt":"2024-02-21T13:17:40","guid":{"rendered":"https:\/\/www.monologuestories.com\/?post_type=product&#038;p=58253"},"modified":"2025-09-25T15:24:23","modified_gmt":"2025-09-25T12:24:23","slug":"4lu-set-muffin-m-grapefruit-gold-white-gold-sage-gold-porfir-gold","status":"publish","type":"product","link":"https:\/\/www.monologuestories.com\/en\/product\/4lu-set-muffin-m-grapefruit-gold-white-gold-sage-gold-porfir-gold\/","title":{"rendered":"4&#8217;l\u00fc set muffin M  &#8211; grapefruit\/gold &#8211; white\/gold &#8211; sage\/gold &#8211; porfir\/gold"},"content":{"rendered":"","protected":false},"excerpt":{"rendered":"<p>G\u00f6rselde bulunan 4 \u00fcr\u00fcn;<\/p>\n<p>muffin M &#8211; grapefruit\/gold<\/p>\n<p>muffin M &#8211; white\/gold<\/p>\n<p>muffin M &#8211; sage\/gold<\/p>\n<p>muffin M &#8211; porfir\/gold<\/p>\n<div class=\"product-short-description\">\n<p>250 ml<\/p>\n<p>\u00dcr\u00fcnler frans\u0131z limoges porselenden \u00fcretilmektedir.<\/p>\n<p>Elde y\u0131kamaya uygundur.<\/p>\n<p>G\u00f6rseldeki \u00fcr\u00fcn referans ama\u00e7l\u0131d\u0131r.<\/p>\n<p>Mevcut \u00fcr\u00fcn ile farkl\u0131l\u0131klar bulundurabilir.<\/p>\n<\/div>\n","protected":false},"featured_media":58261,"comment_status":"open","ping_status":"closed","template":"","meta":[],"product_cat":[105,95,102,165,155,124,161],"product_tag":[],"class_list":{"0":"post-58253","1":"product","2":"type-product","3":"status-publish","4":"has-post-thumbnail","6":"product_cat-general","7":"product_cat-glass","8":"product_cat-goldies-en","9":"product_cat-indirimli-urunler-en","10":"product_cat-kombinli-setler-en","11":"product_cat-muffin-m-en","12":"product_cat-set-products","14":"first","15":"outofstock","16":"sale","17":"taxable","18":"shipping-taxable","19":"purchasable","20":"product-type-simple"},"_links":{"self":[{"href":"https:\/\/www.monologuestories.com\/en\/wp-json\/wp\/v2\/product\/58253"}],"collection":[{"href":"https:\/\/www.monologuestories.com\/en\/wp-json\/wp\/v2\/product"}],"about":[{"href":"https:\/\/www.monologuestories.com\/en\/wp-json\/wp\/v2\/types\/product"}],"replies":[{"embeddable":true,"href":"https:\/\/www.monologuestories.com\/en\/wp-json\/wp\/v2\/comments?post=58253"}],"wp:featuredmedia":[{"embeddable":true,"href":"https:\/\/www.monologuestories.com\/en\/wp-json\/wp\/v2\/media\/58261"}],"wp:attachment":[{"href":"https:\/\/www.monologuestories.com\/en\/wp-json\/wp\/v2\/media?parent=58253"}],"wp:term":[{"taxonomy":"product_cat","embeddable":true,"href":"https:\/\/www.monologuestories.com\/en\/wp-json\/wp\/v2\/product_cat?post=58253"},{"taxonomy":"product_tag","embeddable":true,"href":"https:\/\/www.monologuestories.com\/en\/wp-json\/wp\/v2\/product_tag?post=58253"}],"curies":[{"name":"wp","href":"https:\/\/api.w.org\/{rel}","templated":true}]}}