


{"id":58430,"date":"2024-02-28T10:04:09","date_gmt":"2024-02-28T07:04:09","guid":{"rendered":"https:\/\/www.monologuestories.com\/?post_type=product&#038;p=58430"},"modified":"2026-03-27T15:06:03","modified_gmt":"2026-03-27T12:06:03","slug":"4lu-set-mini-old-but-new-white-cloud-white-nude","status":"publish","type":"product","link":"https:\/\/www.monologuestories.com\/en\/product\/4lu-set-mini-old-but-new-white-cloud-white-nude\/","title":{"rendered":"4&#8217;l\u00fc set *mini* old but new &#8211; white\/cloud &#8211; white\/nude"},"content":{"rendered":"","protected":false},"excerpt":{"rendered":"<p>G\u00f6rselde bulunan 4 \u00fcr\u00fcn;<\/p>\n<p>*mini* old but new &#8211; white\/cloud &#8211; rim<\/p>\n<p>*mini* old but new &#8211; white\/cloud &#8211; full glaze<\/p>\n<p>*mini* old but new &#8211; white\/nude &#8211; rim<\/p>\n<p>*mini* old but new &#8211; white\/nude &#8211; full glaze<\/p>\n<div class=\"product-short-description\">\n<p>100 ml<\/p>\n<p>\u00dcr\u00fcnler frans\u0131z limoges porselenden \u00fcretilmektedir.<\/p>\n<p>Elde y\u0131kamaya uygundur.<\/p>\n<p>G\u00f6rseldeki \u00fcr\u00fcn referans ama\u00e7l\u0131d\u0131r.<\/p>\n<p>Mevcut \u00fcr\u00fcn ile farkl\u0131l\u0131klar bulundurabilir.<\/p>\n<\/div>\n","protected":false},"featured_media":58267,"comment_status":"open","ping_status":"closed","template":"","meta":[],"product_cat":[107,105,95,165,159,155,161],"product_tag":[],"class_list":{"0":"post-58430","1":"product","2":"type-product","3":"status-publish","4":"has-post-thumbnail","6":"product_cat-mini-old-but-new-en","7":"product_cat-general","8":"product_cat-glass","9":"product_cat-indirimli-urunler-en","10":"product_cat-koi-en","11":"product_cat-kombinli-setler-en","12":"product_cat-set-products","14":"first","15":"outofstock","16":"sale","17":"taxable","18":"shipping-taxable","19":"purchasable","20":"product-type-simple"},"_links":{"self":[{"href":"https:\/\/www.monologuestories.com\/en\/wp-json\/wp\/v2\/product\/58430"}],"collection":[{"href":"https:\/\/www.monologuestories.com\/en\/wp-json\/wp\/v2\/product"}],"about":[{"href":"https:\/\/www.monologuestories.com\/en\/wp-json\/wp\/v2\/types\/product"}],"replies":[{"embeddable":true,"href":"https:\/\/www.monologuestories.com\/en\/wp-json\/wp\/v2\/comments?post=58430"}],"wp:featuredmedia":[{"embeddable":true,"href":"https:\/\/www.monologuestories.com\/en\/wp-json\/wp\/v2\/media\/58267"}],"wp:attachment":[{"href":"https:\/\/www.monologuestories.com\/en\/wp-json\/wp\/v2\/media?parent=58430"}],"wp:term":[{"taxonomy":"product_cat","embeddable":true,"href":"https:\/\/www.monologuestories.com\/en\/wp-json\/wp\/v2\/product_cat?post=58430"},{"taxonomy":"product_tag","embeddable":true,"href":"https:\/\/www.monologuestories.com\/en\/wp-json\/wp\/v2\/product_tag?post=58430"}],"curies":[{"name":"wp","href":"https:\/\/api.w.org\/{rel}","templated":true}]}}