


{"id":58540,"date":"2024-03-03T11:06:32","date_gmt":"2024-03-03T08:06:32","guid":{"rendered":"https:\/\/www.monologuestories.com\/?post_type=product&#038;p=58540"},"modified":"2024-04-05T11:34:52","modified_gmt":"2024-04-05T08:34:52","slug":"4lu-set-muffin-gala-indigo-forest-beige-white","status":"publish","type":"product","link":"https:\/\/www.monologuestories.com\/en\/product\/4lu-set-muffin-gala-indigo-forest-beige-white\/","title":{"rendered":"4&#8217;l\u00fc set muffin GALA &#8211; indigo &#8211; forest &#8211; beige &#8211; white"},"content":{"rendered":"","protected":false},"excerpt":{"rendered":"<p>G\u00f6rselde bulunan 2 \u00fcr\u00fcn;<\/p>\n<p>muffin GALA &#8211; indigo<\/p>\n<p>muffin GALA &#8211; forest<\/p>\n<p>muffin GALA &#8211; beige<\/p>\n<p>muffin GALA &#8211; white<\/p>\n<div class=\"product-short-description\">\n<p>300 ml<\/p>\n<p>\u00dcr\u00fcnler frans\u0131z limoges porselenden \u00fcretilmektedir.<\/p>\n<p>Elde y\u0131kamaya uygundur.<\/p>\n<p>G\u00f6rseldeki \u00fcr\u00fcn referans ama\u00e7l\u0131d\u0131r.<\/p>\n<p>Mevcut \u00fcr\u00fcn ile farkl\u0131l\u0131klar bulundurabilir.<\/p>\n<\/div>\n","protected":false},"featured_media":58485,"comment_status":"open","ping_status":"closed","template":"","meta":[],"product_cat":[105,95,119,165,155,161],"product_tag":[],"class_list":{"0":"post-58540","1":"product","2":"type-product","3":"status-publish","4":"has-post-thumbnail","6":"product_cat-general","7":"product_cat-glass","8":"product_cat-muffin-gala-en","9":"product_cat-indirimli-urunler-en","10":"product_cat-kombinli-setler-en","11":"product_cat-set-products","13":"first","14":"outofstock","15":"sale","16":"taxable","17":"shipping-taxable","18":"purchasable","19":"product-type-simple"},"_links":{"self":[{"href":"https:\/\/www.monologuestories.com\/en\/wp-json\/wp\/v2\/product\/58540"}],"collection":[{"href":"https:\/\/www.monologuestories.com\/en\/wp-json\/wp\/v2\/product"}],"about":[{"href":"https:\/\/www.monologuestories.com\/en\/wp-json\/wp\/v2\/types\/product"}],"replies":[{"embeddable":true,"href":"https:\/\/www.monologuestories.com\/en\/wp-json\/wp\/v2\/comments?post=58540"}],"wp:featuredmedia":[{"embeddable":true,"href":"https:\/\/www.monologuestories.com\/en\/wp-json\/wp\/v2\/media\/58485"}],"wp:attachment":[{"href":"https:\/\/www.monologuestories.com\/en\/wp-json\/wp\/v2\/media?parent=58540"}],"wp:term":[{"taxonomy":"product_cat","embeddable":true,"href":"https:\/\/www.monologuestories.com\/en\/wp-json\/wp\/v2\/product_cat?post=58540"},{"taxonomy":"product_tag","embeddable":true,"href":"https:\/\/www.monologuestories.com\/en\/wp-json\/wp\/v2\/product_tag?post=58540"}],"curies":[{"name":"wp","href":"https:\/\/api.w.org\/{rel}","templated":true}]}}