


{"id":58597,"date":"2024-03-04T12:56:20","date_gmt":"2024-03-04T09:56:20","guid":{"rendered":"https:\/\/www.monologuestories.com\/?post_type=product&#038;p=58597"},"modified":"2025-11-04T11:32:55","modified_gmt":"2025-11-04T08:32:55","slug":"midi-old-but-new-white-pistachio","status":"publish","type":"product","link":"https:\/\/www.monologuestories.com\/en\/product\/midi-old-but-new-white-pistachio\/","title":{"rendered":"*midi* old but new &#8211; white\/pistachio"},"content":{"rendered":"","protected":false},"excerpt":{"rendered":"<p>200 ml<\/p>\n<p>\u00dcr\u00fcnler frans\u0131z limoges porselenden \u00fcretilmektedir.<\/p>\n<p>Makinada y\u0131kanabilir.<\/p>\n<p>G\u00f6rseldeki \u00fcr\u00fcn referans ama\u00e7l\u0131d\u0131r.<\/p>\n<p>Mevcut \u00fcr\u00fcn ile farkl\u0131l\u0131klar bulundurabilir.<\/p>\n","protected":false},"featured_media":58561,"comment_status":"open","ping_status":"closed","template":"","meta":[],"product_cat":[114,112,108,95,165],"product_tag":[],"class_list":{"0":"post-58597","1":"product","2":"type-product","3":"status-publish","4":"has-post-thumbnail","6":"product_cat-midi-old-but-new-en","7":"product_cat-collections","8":"product_cat-flirty-en","9":"product_cat-glass","10":"product_cat-indirimli-urunler-en","12":"first","13":"outofstock","14":"sale","15":"taxable","16":"shipping-taxable","17":"purchasable","18":"product-type-simple"},"_links":{"self":[{"href":"https:\/\/www.monologuestories.com\/en\/wp-json\/wp\/v2\/product\/58597"}],"collection":[{"href":"https:\/\/www.monologuestories.com\/en\/wp-json\/wp\/v2\/product"}],"about":[{"href":"https:\/\/www.monologuestories.com\/en\/wp-json\/wp\/v2\/types\/product"}],"replies":[{"embeddable":true,"href":"https:\/\/www.monologuestories.com\/en\/wp-json\/wp\/v2\/comments?post=58597"}],"wp:featuredmedia":[{"embeddable":true,"href":"https:\/\/www.monologuestories.com\/en\/wp-json\/wp\/v2\/media\/58561"}],"wp:attachment":[{"href":"https:\/\/www.monologuestories.com\/en\/wp-json\/wp\/v2\/media?parent=58597"}],"wp:term":[{"taxonomy":"product_cat","embeddable":true,"href":"https:\/\/www.monologuestories.com\/en\/wp-json\/wp\/v2\/product_cat?post=58597"},{"taxonomy":"product_tag","embeddable":true,"href":"https:\/\/www.monologuestories.com\/en\/wp-json\/wp\/v2\/product_tag?post=58597"}],"curies":[{"name":"wp","href":"https:\/\/api.w.org\/{rel}","templated":true}]}}