


{"id":58742,"date":"2024-03-12T10:50:47","date_gmt":"2024-03-12T07:50:47","guid":{"rendered":"https:\/\/www.monologuestories.com\/?post_type=product&#038;p=58742"},"modified":"2025-09-26T10:57:01","modified_gmt":"2025-09-26T07:57:01","slug":"extreme-old-but-new-olive-scarlet-koi","status":"publish","type":"product","link":"https:\/\/www.monologuestories.com\/en\/product\/extreme-old-but-new-olive-scarlet-koi\/","title":{"rendered":"*extreme* old but new &#8211; olive\/scarlet\/koi"},"content":{"rendered":"","protected":false},"excerpt":{"rendered":"<p>480 ml<\/p>\n<p>\u00dcr\u00fcnler frans\u0131z limoges porselenden \u00fcretilmektedir.<\/p>\n<p>Makinada y\u0131kanabilir.<\/p>\n<p>G\u00f6rseldeki \u00fcr\u00fcn referans ama\u00e7l\u0131d\u0131r.<\/p>\n<p>Mevcut \u00fcr\u00fcn ile farkl\u0131l\u0131klar bulundurabilir.<\/p>\n","protected":false},"featured_media":58674,"comment_status":"open","ping_status":"closed","template":"","meta":[],"product_cat":[109,95],"product_tag":[],"class_list":{"0":"post-58742","1":"product","2":"type-product","3":"status-publish","4":"has-post-thumbnail","6":"product_cat-extreme-old-but-new-en","7":"product_cat-glass","9":"first","10":"outofstock","11":"taxable","12":"shipping-taxable","13":"purchasable","14":"product-type-simple"},"_links":{"self":[{"href":"https:\/\/www.monologuestories.com\/en\/wp-json\/wp\/v2\/product\/58742"}],"collection":[{"href":"https:\/\/www.monologuestories.com\/en\/wp-json\/wp\/v2\/product"}],"about":[{"href":"https:\/\/www.monologuestories.com\/en\/wp-json\/wp\/v2\/types\/product"}],"replies":[{"embeddable":true,"href":"https:\/\/www.monologuestories.com\/en\/wp-json\/wp\/v2\/comments?post=58742"}],"wp:featuredmedia":[{"embeddable":true,"href":"https:\/\/www.monologuestories.com\/en\/wp-json\/wp\/v2\/media\/58674"}],"wp:attachment":[{"href":"https:\/\/www.monologuestories.com\/en\/wp-json\/wp\/v2\/media?parent=58742"}],"wp:term":[{"taxonomy":"product_cat","embeddable":true,"href":"https:\/\/www.monologuestories.com\/en\/wp-json\/wp\/v2\/product_cat?post=58742"},{"taxonomy":"product_tag","embeddable":true,"href":"https:\/\/www.monologuestories.com\/en\/wp-json\/wp\/v2\/product_tag?post=58742"}],"curies":[{"name":"wp","href":"https:\/\/api.w.org\/{rel}","templated":true}]}}