


{"id":61040,"date":"2024-10-23T15:20:17","date_gmt":"2024-10-23T12:20:17","guid":{"rendered":"https:\/\/www.monologuestories.com\/?post_type=product&#038;p=61040"},"modified":"2026-03-27T14:06:47","modified_gmt":"2026-03-27T11:06:47","slug":"2lu-set-mini-old-but-new-porfir-pecan-rim-porfir-pecan","status":"publish","type":"product","link":"https:\/\/www.monologuestories.com\/en\/product\/2lu-set-mini-old-but-new-porfir-pecan-rim-porfir-pecan\/","title":{"rendered":"2&#8217;li set *mini* old but new &#8211; porfir\/pecan\/rim -porfir\/pecan"},"content":{"rendered":"","protected":false},"excerpt":{"rendered":"<p>G\u00f6rselde bulunan 2 \u00fcr\u00fcn;<\/p>\n<p>*mini* old but new &#8211; porfir\/pecan<\/p>\n<p>*mini* old but new &#8211; porfir\/pecan &#8211; rim<\/p>\n<div class=\"product-short-description\">\n<p>100 ml<\/p>\n<p>\u00dcr\u00fcnler frans\u0131z limoges porselenden \u00fcretilmektedir.<\/p>\n<p>Elde y\u0131kamaya uygundur.<\/p>\n<p>G\u00f6rseldeki \u00fcr\u00fcn referans ama\u00e7l\u0131d\u0131r.<\/p>\n<p>Mevcut \u00fcr\u00fcn ile farkl\u0131l\u0131klar bulundurabilir.<\/p>\n<\/div>\n","protected":false},"featured_media":60945,"comment_status":"open","ping_status":"closed","template":"","meta":[],"product_cat":[107,105,95,165,159,155,161],"product_tag":[],"class_list":{"0":"post-61040","1":"product","2":"type-product","3":"status-publish","4":"has-post-thumbnail","6":"product_cat-mini-old-but-new-en","7":"product_cat-general","8":"product_cat-glass","9":"product_cat-indirimli-urunler-en","10":"product_cat-koi-en","11":"product_cat-kombinli-setler-en","12":"product_cat-set-products","14":"first","15":"instock","16":"sale","17":"taxable","18":"shipping-taxable","19":"purchasable","20":"product-type-simple"},"_links":{"self":[{"href":"https:\/\/www.monologuestories.com\/en\/wp-json\/wp\/v2\/product\/61040"}],"collection":[{"href":"https:\/\/www.monologuestories.com\/en\/wp-json\/wp\/v2\/product"}],"about":[{"href":"https:\/\/www.monologuestories.com\/en\/wp-json\/wp\/v2\/types\/product"}],"replies":[{"embeddable":true,"href":"https:\/\/www.monologuestories.com\/en\/wp-json\/wp\/v2\/comments?post=61040"}],"wp:featuredmedia":[{"embeddable":true,"href":"https:\/\/www.monologuestories.com\/en\/wp-json\/wp\/v2\/media\/60945"}],"wp:attachment":[{"href":"https:\/\/www.monologuestories.com\/en\/wp-json\/wp\/v2\/media?parent=61040"}],"wp:term":[{"taxonomy":"product_cat","embeddable":true,"href":"https:\/\/www.monologuestories.com\/en\/wp-json\/wp\/v2\/product_cat?post=61040"},{"taxonomy":"product_tag","embeddable":true,"href":"https:\/\/www.monologuestories.com\/en\/wp-json\/wp\/v2\/product_tag?post=61040"}],"curies":[{"name":"wp","href":"https:\/\/api.w.org\/{rel}","templated":true}]}}