


{"id":62480,"date":"2025-05-26T15:13:27","date_gmt":"2025-05-26T12:13:27","guid":{"rendered":"https:\/\/www.monologuestories.com\/?post_type=product&#038;p=62480"},"modified":"2025-07-08T09:05:42","modified_gmt":"2025-07-08T06:05:42","slug":"memory-2li-set-sky-navy-blue","status":"publish","type":"product","link":"https:\/\/www.monologuestories.com\/en\/product\/memory-2li-set-sky-navy-blue\/","title":{"rendered":"memory 2&#8217;li set -sky\/navy blue"},"content":{"rendered":"","protected":false},"excerpt":{"rendered":"<p>\u00dcr\u00fcnler frans\u0131z limoges porselenden \u00fcretilmektedir.<\/p>\n<p>Makinada y\u0131kanabilir.<\/p>\n<p>G\u00f6rseldeki \u00fcr\u00fcn referans ama\u00e7l\u0131d\u0131r.<\/p>\n<p>Mevcut \u00fcr\u00fcn ile farkl\u0131l\u0131klar bulundurabilir.<\/p>\n<p>1 adet dots, 1 adet rim dekorlu \u00e7ay taba\u011f\u0131.<\/p>\n<p>2 adet \u00e7ay taba\u011f\u0131, 2 adet \u00e7ay barda\u011f\u0131 ile birlikte g\u00f6nderilmektedir.<\/p>\n","protected":false},"featured_media":62426,"comment_status":"open","ping_status":"closed","template":"","meta":[],"product_cat":[95,117,177],"product_tag":[],"class_list":{"0":"post-62480","1":"product","2":"type-product","3":"status-publish","4":"has-post-thumbnail","6":"product_cat-glass","7":"product_cat-plate","8":"product_cat-memory-en","10":"first","11":"outofstock","12":"taxable","13":"shipping-taxable","14":"purchasable","15":"product-type-simple"},"_links":{"self":[{"href":"https:\/\/www.monologuestories.com\/en\/wp-json\/wp\/v2\/product\/62480"}],"collection":[{"href":"https:\/\/www.monologuestories.com\/en\/wp-json\/wp\/v2\/product"}],"about":[{"href":"https:\/\/www.monologuestories.com\/en\/wp-json\/wp\/v2\/types\/product"}],"replies":[{"embeddable":true,"href":"https:\/\/www.monologuestories.com\/en\/wp-json\/wp\/v2\/comments?post=62480"}],"wp:featuredmedia":[{"embeddable":true,"href":"https:\/\/www.monologuestories.com\/en\/wp-json\/wp\/v2\/media\/62426"}],"wp:attachment":[{"href":"https:\/\/www.monologuestories.com\/en\/wp-json\/wp\/v2\/media?parent=62480"}],"wp:term":[{"taxonomy":"product_cat","embeddable":true,"href":"https:\/\/www.monologuestories.com\/en\/wp-json\/wp\/v2\/product_cat?post=62480"},{"taxonomy":"product_tag","embeddable":true,"href":"https:\/\/www.monologuestories.com\/en\/wp-json\/wp\/v2\/product_tag?post=62480"}],"curies":[{"name":"wp","href":"https:\/\/api.w.org\/{rel}","templated":true}]}}