


{"id":62594,"date":"2025-06-08T12:20:52","date_gmt":"2025-06-08T09:20:52","guid":{"rendered":"https:\/\/www.monologuestories.com\/?post_type=product&#038;p=62594"},"modified":"2026-04-13T18:04:25","modified_gmt":"2026-04-13T15:04:25","slug":"even-artichokes-have-hearts-yagdanlik","status":"publish","type":"product","link":"https:\/\/www.monologuestories.com\/en\/product\/even-artichokes-have-hearts-yagdanlik\/","title":{"rendered":"Even Artichokes Have Hearts &#8211; Ya\u011fdanl\u0131k"},"content":{"rendered":"","protected":false},"excerpt":{"rendered":"<p>500 ml cam ya\u011f \u015fi\u015fesi<\/p>\n<p>&nbsp;<\/p>\n","protected":false},"featured_media":62771,"comment_status":"open","ping_status":"closed","template":"","meta":[],"product_cat":[112,105,131],"product_tag":[],"class_list":{"0":"post-62594","1":"product","2":"type-product","3":"status-publish","4":"has-post-thumbnail","6":"product_cat-collections","7":"product_cat-general","8":"product_cat-objects-en","10":"first","11":"instock","12":"taxable","13":"shipping-taxable","14":"purchasable","15":"product-type-simple"},"_links":{"self":[{"href":"https:\/\/www.monologuestories.com\/en\/wp-json\/wp\/v2\/product\/62594"}],"collection":[{"href":"https:\/\/www.monologuestories.com\/en\/wp-json\/wp\/v2\/product"}],"about":[{"href":"https:\/\/www.monologuestories.com\/en\/wp-json\/wp\/v2\/types\/product"}],"replies":[{"embeddable":true,"href":"https:\/\/www.monologuestories.com\/en\/wp-json\/wp\/v2\/comments?post=62594"}],"wp:featuredmedia":[{"embeddable":true,"href":"https:\/\/www.monologuestories.com\/en\/wp-json\/wp\/v2\/media\/62771"}],"wp:attachment":[{"href":"https:\/\/www.monologuestories.com\/en\/wp-json\/wp\/v2\/media?parent=62594"}],"wp:term":[{"taxonomy":"product_cat","embeddable":true,"href":"https:\/\/www.monologuestories.com\/en\/wp-json\/wp\/v2\/product_cat?post=62594"},{"taxonomy":"product_tag","embeddable":true,"href":"https:\/\/www.monologuestories.com\/en\/wp-json\/wp\/v2\/product_tag?post=62594"}],"curies":[{"name":"wp","href":"https:\/\/api.w.org\/{rel}","templated":true}]}}