


{"id":62626,"date":"2025-06-12T09:34:36","date_gmt":"2025-06-12T06:34:36","guid":{"rendered":"https:\/\/www.monologuestories.com\/?post_type=product&#038;p=62626"},"modified":"2026-02-27T16:19:31","modified_gmt":"2026-02-27T13:19:31","slug":"jupiter-2","status":"publish","type":"product","link":"https:\/\/www.monologuestories.com\/en\/product\/jupiter-2\/","title":{"rendered":"Jupiter &#8211; where chaos rests &#8211; white \/ navy blue"},"content":{"rendered":"","protected":false},"excerpt":{"rendered":"<p>200 ml<\/p>\n<p>1 kulplu fincan ve 1 tabak tak\u0131m<\/p>\n<p>\u00dcr\u00fcnler frans\u0131z limoges porselenden \u00fcretilmektedir.<\/p>\n<p>Makinada y\u0131kanabilir.<\/p>\n<p>G\u00f6rseldeki \u00fcr\u00fcn referans ama\u00e7l\u0131d\u0131r.<\/p>\n<p>Mevcut \u00fcr\u00fcn ile farkl\u0131l\u0131klar bulundurabilir.<\/p>\n","protected":false},"featured_media":62751,"comment_status":"open","ping_status":"closed","template":"","meta":[],"product_cat":[112,95,117,179],"product_tag":[],"class_list":{"0":"post-62626","1":"product","2":"type-product","3":"status-publish","4":"has-post-thumbnail","6":"product_cat-collections","7":"product_cat-glass","8":"product_cat-plate","9":"product_cat-jupiter-en","11":"first","12":"instock","13":"taxable","14":"shipping-taxable","15":"purchasable","16":"product-type-simple"},"_links":{"self":[{"href":"https:\/\/www.monologuestories.com\/en\/wp-json\/wp\/v2\/product\/62626"}],"collection":[{"href":"https:\/\/www.monologuestories.com\/en\/wp-json\/wp\/v2\/product"}],"about":[{"href":"https:\/\/www.monologuestories.com\/en\/wp-json\/wp\/v2\/types\/product"}],"replies":[{"embeddable":true,"href":"https:\/\/www.monologuestories.com\/en\/wp-json\/wp\/v2\/comments?post=62626"}],"wp:featuredmedia":[{"embeddable":true,"href":"https:\/\/www.monologuestories.com\/en\/wp-json\/wp\/v2\/media\/62751"}],"wp:attachment":[{"href":"https:\/\/www.monologuestories.com\/en\/wp-json\/wp\/v2\/media?parent=62626"}],"wp:term":[{"taxonomy":"product_cat","embeddable":true,"href":"https:\/\/www.monologuestories.com\/en\/wp-json\/wp\/v2\/product_cat?post=62626"},{"taxonomy":"product_tag","embeddable":true,"href":"https:\/\/www.monologuestories.com\/en\/wp-json\/wp\/v2\/product_tag?post=62626"}],"curies":[{"name":"wp","href":"https:\/\/api.w.org\/{rel}","templated":true}]}}