


{"id":62780,"date":"2025-06-19T11:26:54","date_gmt":"2025-06-19T08:26:54","guid":{"rendered":"https:\/\/www.monologuestories.com\/?post_type=product&#038;p=62780"},"modified":"2025-06-19T11:29:27","modified_gmt":"2025-06-19T08:29:27","slug":"jupiter-where-chaos-rests-white-navy-blue-gold-on-siparis","status":"publish","type":"product","link":"https:\/\/www.monologuestories.com\/en\/product\/jupiter-where-chaos-rests-white-navy-blue-gold-on-siparis\/","title":{"rendered":"Jupiter &#8211; where chaos rests &#8211; white\/navy blue\/gold (\u00f6n sipari\u015f)"},"content":{"rendered":"","protected":false},"excerpt":{"rendered":"<p>200 ml<\/p>\n<p>1 kulplu fincan ve 1 tabak tak\u0131m<\/p>\n<p>\u00dcr\u00fcnler frans\u0131z limoges porselenden \u00fcretilmektedir.<\/p>\n<p>Makinada y\u0131kanabilir.<\/p>\n<p>G\u00f6rseldeki \u00fcr\u00fcn referans ama\u00e7l\u0131d\u0131r.<\/p>\n<p>Mevcut \u00fcr\u00fcn ile farkl\u0131l\u0131klar bulundurabilir.<\/p>\n","protected":false},"featured_media":62681,"comment_status":"open","ping_status":"closed","template":"","meta":[],"product_cat":[112,95,117,179],"product_tag":[],"class_list":{"0":"post-62780","1":"product","2":"type-product","3":"status-publish","4":"has-post-thumbnail","6":"product_cat-collections","7":"product_cat-glass","8":"product_cat-plate","9":"product_cat-jupiter-en","11":"first","12":"outofstock","13":"taxable","14":"shipping-taxable","15":"purchasable","16":"product-type-simple"},"_links":{"self":[{"href":"https:\/\/www.monologuestories.com\/en\/wp-json\/wp\/v2\/product\/62780"}],"collection":[{"href":"https:\/\/www.monologuestories.com\/en\/wp-json\/wp\/v2\/product"}],"about":[{"href":"https:\/\/www.monologuestories.com\/en\/wp-json\/wp\/v2\/types\/product"}],"replies":[{"embeddable":true,"href":"https:\/\/www.monologuestories.com\/en\/wp-json\/wp\/v2\/comments?post=62780"}],"wp:featuredmedia":[{"embeddable":true,"href":"https:\/\/www.monologuestories.com\/en\/wp-json\/wp\/v2\/media\/62681"}],"wp:attachment":[{"href":"https:\/\/www.monologuestories.com\/en\/wp-json\/wp\/v2\/media?parent=62780"}],"wp:term":[{"taxonomy":"product_cat","embeddable":true,"href":"https:\/\/www.monologuestories.com\/en\/wp-json\/wp\/v2\/product_cat?post=62780"},{"taxonomy":"product_tag","embeddable":true,"href":"https:\/\/www.monologuestories.com\/en\/wp-json\/wp\/v2\/product_tag?post=62780"}],"curies":[{"name":"wp","href":"https:\/\/api.w.org\/{rel}","templated":true}]}}