


{"id":63674,"date":"2025-12-07T20:39:54","date_gmt":"2025-12-07T17:39:54","guid":{"rendered":"https:\/\/www.monologuestories.com\/?post_type=product&#038;p=63674"},"modified":"2025-12-19T18:38:12","modified_gmt":"2025-12-19T15:38:12","slug":"kalus-brooch","status":"publish","type":"product","link":"https:\/\/www.monologuestories.com\/en\/product\/kalus-brooch\/","title":{"rendered":"Kalus Brooch"},"content":{"rendered":"","protected":false},"excerpt":{"rendered":"<p>Malzemeler: el yap\u0131m\u0131 kenar\u0131 alt\u0131n kaplama Monologue Garnish pendant<\/p>\n<p>Kapan g\u00f6z\u00fc ve inci<\/p>\n<p>Aksesuarlar\u0131n su, parf\u00fcm, krem ve alkol ile temas\u0131ndan ka\u00e7\u0131n\u0131lmal\u0131d\u0131r.<\/p>\n<p>&nbsp;<\/p>\n","protected":false},"featured_media":63601,"comment_status":"open","ping_status":"closed","template":"","meta":[],"product_cat":[112,105,170],"product_tag":[],"class_list":{"0":"post-63674","1":"product","2":"type-product","3":"status-publish","4":"has-post-thumbnail","6":"product_cat-collections","7":"product_cat-general","8":"product_cat-garnish-en","10":"first","11":"outofstock","12":"taxable","13":"shipping-taxable","14":"purchasable","15":"product-type-simple"},"_links":{"self":[{"href":"https:\/\/www.monologuestories.com\/en\/wp-json\/wp\/v2\/product\/63674"}],"collection":[{"href":"https:\/\/www.monologuestories.com\/en\/wp-json\/wp\/v2\/product"}],"about":[{"href":"https:\/\/www.monologuestories.com\/en\/wp-json\/wp\/v2\/types\/product"}],"replies":[{"embeddable":true,"href":"https:\/\/www.monologuestories.com\/en\/wp-json\/wp\/v2\/comments?post=63674"}],"wp:featuredmedia":[{"embeddable":true,"href":"https:\/\/www.monologuestories.com\/en\/wp-json\/wp\/v2\/media\/63601"}],"wp:attachment":[{"href":"https:\/\/www.monologuestories.com\/en\/wp-json\/wp\/v2\/media?parent=63674"}],"wp:term":[{"taxonomy":"product_cat","embeddable":true,"href":"https:\/\/www.monologuestories.com\/en\/wp-json\/wp\/v2\/product_cat?post=63674"},{"taxonomy":"product_tag","embeddable":true,"href":"https:\/\/www.monologuestories.com\/en\/wp-json\/wp\/v2\/product_tag?post=63674"}],"curies":[{"name":"wp","href":"https:\/\/api.w.org\/{rel}","templated":true}]}}