


{"id":63702,"date":"2025-12-07T21:36:16","date_gmt":"2025-12-07T18:36:16","guid":{"rendered":"https:\/\/www.monologuestories.com\/?post_type=product&#038;p=63702"},"modified":"2026-04-13T17:59:04","modified_gmt":"2026-04-13T14:59:04","slug":"ravia-necklace","status":"publish","type":"product","link":"https:\/\/www.monologuestories.com\/en\/product\/ravia-necklace\/","title":{"rendered":"Ravia Necklace"},"content":{"rendered":"","protected":false},"excerpt":{"rendered":"<p>55 cm<\/p>\n<p>Malzemeler: el yap\u0131m\u0131 kenar\u0131 alt\u0131n kaplama Monologue Garnish pendant<\/p>\n<p>G\u00fcm\u00fc\u015f \u00fczeri mikron alt\u0131n kaplama papa\u011fan kilit<\/p>\n<p>Barok inci<\/p>\n<p>Yar\u0131 de\u011ferli ta\u015flar<\/p>\n<p>Aksesuarlar\u0131n su, parf\u00fcm, krem ve alkol ile temas\u0131ndan ka\u00e7\u0131n\u0131lmal\u0131d\u0131r.<\/p>\n<p>&nbsp;<\/p>\n","protected":false},"featured_media":63603,"comment_status":"open","ping_status":"closed","template":"","meta":[],"product_cat":[112,105,182,170],"product_tag":[],"class_list":{"0":"post-63702","1":"product","2":"type-product","3":"status-publish","4":"has-post-thumbnail","6":"product_cat-collections","7":"product_cat-general","8":"product_cat-aksesuar-en","9":"product_cat-garnish-en","11":"first","12":"instock","13":"taxable","14":"shipping-taxable","15":"purchasable","16":"product-type-simple"},"_links":{"self":[{"href":"https:\/\/www.monologuestories.com\/en\/wp-json\/wp\/v2\/product\/63702"}],"collection":[{"href":"https:\/\/www.monologuestories.com\/en\/wp-json\/wp\/v2\/product"}],"about":[{"href":"https:\/\/www.monologuestories.com\/en\/wp-json\/wp\/v2\/types\/product"}],"replies":[{"embeddable":true,"href":"https:\/\/www.monologuestories.com\/en\/wp-json\/wp\/v2\/comments?post=63702"}],"wp:featuredmedia":[{"embeddable":true,"href":"https:\/\/www.monologuestories.com\/en\/wp-json\/wp\/v2\/media\/63603"}],"wp:attachment":[{"href":"https:\/\/www.monologuestories.com\/en\/wp-json\/wp\/v2\/media?parent=63702"}],"wp:term":[{"taxonomy":"product_cat","embeddable":true,"href":"https:\/\/www.monologuestories.com\/en\/wp-json\/wp\/v2\/product_cat?post=63702"},{"taxonomy":"product_tag","embeddable":true,"href":"https:\/\/www.monologuestories.com\/en\/wp-json\/wp\/v2\/product_tag?post=63702"}],"curies":[{"name":"wp","href":"https:\/\/api.w.org\/{rel}","templated":true}]}}