


{"id":64516,"date":"2026-04-09T20:46:53","date_gmt":"2026-04-09T17:46:53","guid":{"rendered":"https:\/\/www.monologuestories.com\/?post_type=product&#038;p=64516"},"modified":"2026-04-09T20:49:35","modified_gmt":"2026-04-09T17:49:35","slug":"4lu-set-classic-m-sky-deborah-indigo-deborah-sky-gary-indigo-gary","status":"publish","type":"product","link":"https:\/\/www.monologuestories.com\/en\/product\/4lu-set-classic-m-sky-deborah-indigo-deborah-sky-gary-indigo-gary\/","title":{"rendered":"4&#8217;l\u00fc set Classic M &#8211; sky\/deborah &#8211; indigo\/deborah &#8211; sky\/gary &#8211; indigo\/gary"},"content":{"rendered":"","protected":false},"excerpt":{"rendered":"<p>G\u00f6rselde bulunan 4 \u00fcr\u00fcn;<\/p>\n<div class=\"product-short-description\">\n<p>250 ml<\/p>\n<p>\u00dcr\u00fcnler frans\u0131z limoges porselenden \u00fcretilmektedir.<\/p>\n<p>Elde y\u0131kamaya uygundur.<\/p>\n<p>G\u00f6rseldeki \u00fcr\u00fcn referans ama\u00e7l\u0131d\u0131r.<\/p>\n<p>Mevcut \u00fcr\u00fcn ile farkl\u0131l\u0131klar bulundurabilir.<\/p>\n<\/div>\n","protected":false},"featured_media":64491,"comment_status":"open","ping_status":"closed","template":"","meta":[],"product_cat":[96,112,105,95,155,161],"product_tag":[],"class_list":{"0":"post-64516","1":"product","2":"type-product","3":"status-publish","4":"has-post-thumbnail","6":"product_cat-classic-m-en","7":"product_cat-collections","8":"product_cat-general","9":"product_cat-glass","10":"product_cat-kombinli-setler-en","11":"product_cat-set-products","13":"first","14":"instock","15":"taxable","16":"shipping-taxable","17":"purchasable","18":"product-type-simple"},"_links":{"self":[{"href":"https:\/\/www.monologuestories.com\/en\/wp-json\/wp\/v2\/product\/64516"}],"collection":[{"href":"https:\/\/www.monologuestories.com\/en\/wp-json\/wp\/v2\/product"}],"about":[{"href":"https:\/\/www.monologuestories.com\/en\/wp-json\/wp\/v2\/types\/product"}],"replies":[{"embeddable":true,"href":"https:\/\/www.monologuestories.com\/en\/wp-json\/wp\/v2\/comments?post=64516"}],"wp:featuredmedia":[{"embeddable":true,"href":"https:\/\/www.monologuestories.com\/en\/wp-json\/wp\/v2\/media\/64491"}],"wp:attachment":[{"href":"https:\/\/www.monologuestories.com\/en\/wp-json\/wp\/v2\/media?parent=64516"}],"wp:term":[{"taxonomy":"product_cat","embeddable":true,"href":"https:\/\/www.monologuestories.com\/en\/wp-json\/wp\/v2\/product_cat?post=64516"},{"taxonomy":"product_tag","embeddable":true,"href":"https:\/\/www.monologuestories.com\/en\/wp-json\/wp\/v2\/product_tag?post=64516"}],"curies":[{"name":"wp","href":"https:\/\/api.w.org\/{rel}","templated":true}]}}