


{"id":64548,"date":"2026-04-14T17:04:46","date_gmt":"2026-04-14T14:04:46","guid":{"rendered":"https:\/\/www.monologuestories.com\/?post_type=product&#038;p=64548"},"modified":"2026-04-14T17:07:19","modified_gmt":"2026-04-14T14:07:19","slug":"2li-set-midi-old-but-new-porfir-mint","status":"publish","type":"product","link":"https:\/\/www.monologuestories.com\/en\/product\/2li-set-midi-old-but-new-porfir-mint\/","title":{"rendered":"2&#8217;li set *midi* old but new &#8211; porfir\/mint"},"content":{"rendered":"","protected":false},"excerpt":{"rendered":"<p>G\u00f6rselde bulunan 2 adet midi old but new \u00fcr\u00fcn<\/p>\n<div class=\"product-short-description\">\n<p>200 ml<\/p>\n<p>\u00dcr\u00fcnler frans\u0131z limoges porselenden \u00fcretilmektedir.<\/p>\n<p>Elde y\u0131kamaya uygundur.<\/p>\n<p>G\u00f6rseldeki \u00fcr\u00fcn referans ama\u00e7l\u0131d\u0131r.<\/p>\n<p>Mevcut \u00fcr\u00fcn ile farkl\u0131l\u0131klar bulundurabilir.<\/p>\n<\/div>\n","protected":false},"featured_media":64570,"comment_status":"open","ping_status":"closed","template":"","meta":[],"product_cat":[114,112,105,95,165,155,161],"product_tag":[],"class_list":{"0":"post-64548","1":"product","2":"type-product","3":"status-publish","4":"has-post-thumbnail","6":"product_cat-midi-old-but-new-en","7":"product_cat-collections","8":"product_cat-general","9":"product_cat-glass","10":"product_cat-indirimli-urunler-en","11":"product_cat-kombinli-setler-en","12":"product_cat-set-products","14":"first","15":"instock","16":"sale","17":"taxable","18":"shipping-taxable","19":"purchasable","20":"product-type-simple"},"_links":{"self":[{"href":"https:\/\/www.monologuestories.com\/en\/wp-json\/wp\/v2\/product\/64548"}],"collection":[{"href":"https:\/\/www.monologuestories.com\/en\/wp-json\/wp\/v2\/product"}],"about":[{"href":"https:\/\/www.monologuestories.com\/en\/wp-json\/wp\/v2\/types\/product"}],"replies":[{"embeddable":true,"href":"https:\/\/www.monologuestories.com\/en\/wp-json\/wp\/v2\/comments?post=64548"}],"wp:featuredmedia":[{"embeddable":true,"href":"https:\/\/www.monologuestories.com\/en\/wp-json\/wp\/v2\/media\/64570"}],"wp:attachment":[{"href":"https:\/\/www.monologuestories.com\/en\/wp-json\/wp\/v2\/media?parent=64548"}],"wp:term":[{"taxonomy":"product_cat","embeddable":true,"href":"https:\/\/www.monologuestories.com\/en\/wp-json\/wp\/v2\/product_cat?post=64548"},{"taxonomy":"product_tag","embeddable":true,"href":"https:\/\/www.monologuestories.com\/en\/wp-json\/wp\/v2\/product_tag?post=64548"}],"curies":[{"name":"wp","href":"https:\/\/api.w.org\/{rel}","templated":true}]}}