


{"id":64931,"date":"2026-04-15T16:12:50","date_gmt":"2026-04-15T13:12:50","guid":{"rendered":"https:\/\/www.monologuestories.com\/?post_type=product&#038;p=64931"},"modified":"2026-04-15T16:15:03","modified_gmt":"2026-04-15T13:15:03","slug":"2li-set-classic-l-deborah-gary-indigo-white","status":"publish","type":"product","link":"https:\/\/www.monologuestories.com\/en\/product\/2li-set-classic-l-deborah-gary-indigo-white\/","title":{"rendered":"2&#8217;li set Classic L &#8211; Deborah &#8211; Gary &#8211; indigo\/white"},"content":{"rendered":"","protected":false},"excerpt":{"rendered":"<p>G\u00f6rselde bulunan 2 \u00fcr\u00fcn;<\/p>\n<p>Classic L &#8211; white\/navy blue\/Deborah<\/p>\n<p>Classic L &#8211; indigo\/white\/Deborah<\/p>\n<div class=\"product-short-description\">\n<p>350 ml<\/p>\n<p>\u00dcr\u00fcnler frans\u0131z limoges porselenden \u00fcretilmektedir.<\/p>\n<p>Elde y\u0131kamaya uygundur.<\/p>\n<p>G\u00f6rseldeki \u00fcr\u00fcn referans ama\u00e7l\u0131d\u0131r.<\/p>\n<p>Mevcut \u00fcr\u00fcn ile farkl\u0131l\u0131klar bulundurabilir.<\/p>\n<\/div>\n","protected":false},"featured_media":64898,"comment_status":"open","ping_status":"closed","template":"","meta":[],"product_cat":[110,112,105,95,155,161],"product_tag":[],"class_list":{"0":"post-64931","1":"product","2":"type-product","3":"status-publish","4":"has-post-thumbnail","6":"product_cat-classic-l-en","7":"product_cat-collections","8":"product_cat-general","9":"product_cat-glass","10":"product_cat-kombinli-setler-en","11":"product_cat-set-products","13":"first","14":"instock","15":"taxable","16":"shipping-taxable","17":"purchasable","18":"product-type-simple"},"_links":{"self":[{"href":"https:\/\/www.monologuestories.com\/en\/wp-json\/wp\/v2\/product\/64931"}],"collection":[{"href":"https:\/\/www.monologuestories.com\/en\/wp-json\/wp\/v2\/product"}],"about":[{"href":"https:\/\/www.monologuestories.com\/en\/wp-json\/wp\/v2\/types\/product"}],"replies":[{"embeddable":true,"href":"https:\/\/www.monologuestories.com\/en\/wp-json\/wp\/v2\/comments?post=64931"}],"wp:featuredmedia":[{"embeddable":true,"href":"https:\/\/www.monologuestories.com\/en\/wp-json\/wp\/v2\/media\/64898"}],"wp:attachment":[{"href":"https:\/\/www.monologuestories.com\/en\/wp-json\/wp\/v2\/media?parent=64931"}],"wp:term":[{"taxonomy":"product_cat","embeddable":true,"href":"https:\/\/www.monologuestories.com\/en\/wp-json\/wp\/v2\/product_cat?post=64931"},{"taxonomy":"product_tag","embeddable":true,"href":"https:\/\/www.monologuestories.com\/en\/wp-json\/wp\/v2\/product_tag?post=64931"}],"curies":[{"name":"wp","href":"https:\/\/api.w.org\/{rel}","templated":true}]}}