


{"id":65102,"date":"2026-04-24T12:48:51","date_gmt":"2026-04-24T09:48:51","guid":{"rendered":"https:\/\/www.monologuestories.com\/?post_type=product&#038;p=65102"},"modified":"2026-04-24T18:17:12","modified_gmt":"2026-04-24T15:17:12","slug":"jupiter-dusty-rose-scarlet","status":"publish","type":"product","link":"https:\/\/www.monologuestories.com\/en\/product\/jupiter-dusty-rose-scarlet\/","title":{"rendered":"2&#8217;li Jupiter set &#8211; dusty rose\/scarlet"},"content":{"rendered":"","protected":false},"excerpt":{"rendered":"<p>200 ml<\/p>\n<p>2 kulplu fincan ve 2 tabak tak\u0131m<\/p>\n<p>\u00dcr\u00fcnler frans\u0131z limoges porselenden \u00fcretilmektedir.<\/p>\n<p>Makinada y\u0131kanabilir.<\/p>\n<p>G\u00f6rseldeki \u00fcr\u00fcn referans ama\u00e7l\u0131d\u0131r.<\/p>\n<p>Mevcut \u00fcr\u00fcn ile farkl\u0131l\u0131klar bulundurabilir.<\/p>\n","protected":false},"featured_media":65042,"comment_status":"open","ping_status":"closed","template":"","meta":[],"product_cat":[112,95,179,155,161],"product_tag":[],"class_list":{"0":"post-65102","1":"product","2":"type-product","3":"status-publish","4":"has-post-thumbnail","6":"product_cat-collections","7":"product_cat-glass","8":"product_cat-jupiter-en","9":"product_cat-kombinli-setler-en","10":"product_cat-set-products","12":"first","13":"instock","14":"taxable","15":"shipping-taxable","16":"purchasable","17":"product-type-simple"},"_links":{"self":[{"href":"https:\/\/www.monologuestories.com\/en\/wp-json\/wp\/v2\/product\/65102"}],"collection":[{"href":"https:\/\/www.monologuestories.com\/en\/wp-json\/wp\/v2\/product"}],"about":[{"href":"https:\/\/www.monologuestories.com\/en\/wp-json\/wp\/v2\/types\/product"}],"replies":[{"embeddable":true,"href":"https:\/\/www.monologuestories.com\/en\/wp-json\/wp\/v2\/comments?post=65102"}],"wp:featuredmedia":[{"embeddable":true,"href":"https:\/\/www.monologuestories.com\/en\/wp-json\/wp\/v2\/media\/65042"}],"wp:attachment":[{"href":"https:\/\/www.monologuestories.com\/en\/wp-json\/wp\/v2\/media?parent=65102"}],"wp:term":[{"taxonomy":"product_cat","embeddable":true,"href":"https:\/\/www.monologuestories.com\/en\/wp-json\/wp\/v2\/product_cat?post=65102"},{"taxonomy":"product_tag","embeddable":true,"href":"https:\/\/www.monologuestories.com\/en\/wp-json\/wp\/v2\/product_tag?post=65102"}],"curies":[{"name":"wp","href":"https:\/\/api.w.org\/{rel}","templated":true}]}}