


{"id":65105,"date":"2026-04-24T12:59:51","date_gmt":"2026-04-24T09:59:51","guid":{"rendered":"https:\/\/www.monologuestories.com\/?post_type=product&#038;p=65105"},"modified":"2026-04-24T13:05:47","modified_gmt":"2026-04-24T10:05:47","slug":"4lu-set-classic-m-olive-scarlet","status":"publish","type":"product","link":"https:\/\/www.monologuestories.com\/en\/product\/4lu-set-classic-m-olive-scarlet\/","title":{"rendered":"4&#8217;l\u00fc set classic M &#8211; olive\/scarlet"},"content":{"rendered":"","protected":false},"excerpt":{"rendered":"<p>G\u00f6rselde bulunan 4 \u00fcr\u00fcn;<\/p>\n<p>Classic M &#8211; vertical<\/p>\n<p>Classic M &#8211; horizontal<\/p>\n<p>Classic M &#8211; dots<\/p>\n<p>Classic M &#8211; diagonal<\/p>\n<p>&nbsp;<\/p>\n<div class=\"product-short-description\">\n<p>250 ml<\/p>\n<p>\u00dcr\u00fcnler frans\u0131z limoges porselenden \u00fcretilmektedir.<\/p>\n<p>Elde y\u0131kamaya uygundur.<\/p>\n<p>G\u00f6rseldeki \u00fcr\u00fcn referans ama\u00e7l\u0131d\u0131r.<\/p>\n<p>Mevcut \u00fcr\u00fcn ile farkl\u0131l\u0131klar bulundurabilir.<\/p>\n<\/div>\n","protected":false},"featured_media":65074,"comment_status":"open","ping_status":"closed","template":"","meta":[],"product_cat":[96,105,95,98,155],"product_tag":[],"class_list":{"0":"post-65105","1":"product","2":"type-product","3":"status-publish","4":"has-post-thumbnail","6":"product_cat-classic-m-en","7":"product_cat-general","8":"product_cat-glass","9":"product_cat-pjs-en","10":"product_cat-kombinli-setler-en","12":"first","13":"instock","14":"taxable","15":"shipping-taxable","16":"purchasable","17":"product-type-simple"},"_links":{"self":[{"href":"https:\/\/www.monologuestories.com\/en\/wp-json\/wp\/v2\/product\/65105"}],"collection":[{"href":"https:\/\/www.monologuestories.com\/en\/wp-json\/wp\/v2\/product"}],"about":[{"href":"https:\/\/www.monologuestories.com\/en\/wp-json\/wp\/v2\/types\/product"}],"replies":[{"embeddable":true,"href":"https:\/\/www.monologuestories.com\/en\/wp-json\/wp\/v2\/comments?post=65105"}],"wp:featuredmedia":[{"embeddable":true,"href":"https:\/\/www.monologuestories.com\/en\/wp-json\/wp\/v2\/media\/65074"}],"wp:attachment":[{"href":"https:\/\/www.monologuestories.com\/en\/wp-json\/wp\/v2\/media?parent=65105"}],"wp:term":[{"taxonomy":"product_cat","embeddable":true,"href":"https:\/\/www.monologuestories.com\/en\/wp-json\/wp\/v2\/product_cat?post=65105"},{"taxonomy":"product_tag","embeddable":true,"href":"https:\/\/www.monologuestories.com\/en\/wp-json\/wp\/v2\/product_tag?post=65105"}],"curies":[{"name":"wp","href":"https:\/\/api.w.org\/{rel}","templated":true}]}}