


{"id":65113,"date":"2026-04-24T13:28:06","date_gmt":"2026-04-24T10:28:06","guid":{"rendered":"https:\/\/www.monologuestories.com\/?post_type=product&#038;p=65113"},"modified":"2026-04-24T13:30:30","modified_gmt":"2026-04-24T10:30:30","slug":"4lu-set-midi-old-but-new-sky-papaya-lime-papaya","status":"publish","type":"product","link":"https:\/\/www.monologuestories.com\/en\/product\/4lu-set-midi-old-but-new-sky-papaya-lime-papaya\/","title":{"rendered":"4&#8217;l\u00fc set *midi* old but new &#8211; sky\/papaya &#8211; lime\/papaya"},"content":{"rendered":"","protected":false},"excerpt":{"rendered":"<p>G\u00f6rselde bulunan 4 \u00fcr\u00fcn;<\/p>\n<div class=\"product-short-description\">\n<p>250 ml<\/p>\n<p>\u00dcr\u00fcnler frans\u0131z limoges porselenden \u00fcretilmektedir.<\/p>\n<p>Elde y\u0131kamaya uygundur.<\/p>\n<p>G\u00f6rseldeki \u00fcr\u00fcn referans ama\u00e7l\u0131d\u0131r.<\/p>\n<p>Mevcut \u00fcr\u00fcn ile farkl\u0131l\u0131klar bulundurabilir.<\/p>\n<\/div>\n","protected":false},"featured_media":65080,"comment_status":"open","ping_status":"closed","template":"","meta":[],"product_cat":[114,112,105,95,155,161],"product_tag":[],"class_list":{"0":"post-65113","1":"product","2":"type-product","3":"status-publish","4":"has-post-thumbnail","6":"product_cat-midi-old-but-new-en","7":"product_cat-collections","8":"product_cat-general","9":"product_cat-glass","10":"product_cat-kombinli-setler-en","11":"product_cat-set-products","13":"first","14":"instock","15":"sale","16":"taxable","17":"shipping-taxable","18":"purchasable","19":"product-type-simple"},"_links":{"self":[{"href":"https:\/\/www.monologuestories.com\/en\/wp-json\/wp\/v2\/product\/65113"}],"collection":[{"href":"https:\/\/www.monologuestories.com\/en\/wp-json\/wp\/v2\/product"}],"about":[{"href":"https:\/\/www.monologuestories.com\/en\/wp-json\/wp\/v2\/types\/product"}],"replies":[{"embeddable":true,"href":"https:\/\/www.monologuestories.com\/en\/wp-json\/wp\/v2\/comments?post=65113"}],"wp:featuredmedia":[{"embeddable":true,"href":"https:\/\/www.monologuestories.com\/en\/wp-json\/wp\/v2\/media\/65080"}],"wp:attachment":[{"href":"https:\/\/www.monologuestories.com\/en\/wp-json\/wp\/v2\/media?parent=65113"}],"wp:term":[{"taxonomy":"product_cat","embeddable":true,"href":"https:\/\/www.monologuestories.com\/en\/wp-json\/wp\/v2\/product_cat?post=65113"},{"taxonomy":"product_tag","embeddable":true,"href":"https:\/\/www.monologuestories.com\/en\/wp-json\/wp\/v2\/product_tag?post=65113"}],"curies":[{"name":"wp","href":"https:\/\/api.w.org\/{rel}","templated":true}]}}